{"id":10,"date":"2018-05-29T11:11:20","date_gmt":"2018-05-29T11:11:20","guid":{"rendered":"http:\/\/xtratheme.com\/default\/?page_id=7"},"modified":"2024-06-24T13:21:10","modified_gmt":"2024-06-24T10:21:10","slug":"hakkimizda","status":"publish","type":"page","link":"https:\/\/finemancorp.com\/tr\/hakkimizda\/","title":{"rendered":"HAKKIMIZDA"},"content":{"rendered":"\t\t<div data-elementor-type=\"wp-page\" data-elementor-id=\"10\" class=\"elementor elementor-10\">\n\t\t\t\t\t\t<section class=\"elementor-section elementor-top-section elementor-element elementor-element-0e0b815 elementor-section-full_width elementor-section-height-default elementor-section-height-default\" data-id=\"0e0b815\" data-element_type=\"section\">\n\t\t\t\t\t\t<div class=\"elementor-container elementor-column-gap-default\">\n\t\t\t\t\t<div class=\"elementor-column elementor-col-50 elementor-top-column elementor-element elementor-element-48be874\" data-id=\"48be874\" data-element_type=\"column\">\n\t\t\t<div class=\"elementor-widget-wrap elementor-element-populated\">\n\t\t\t\t\t\t<div class=\"elementor-element elementor-element-14ad83a elementor-widget elementor-widget-cz_title\" data-id=\"14ad83a\" data-element_type=\"widget\" data-widget_type=\"cz_title.default\">\n\t\t\t\t<div class=\"elementor-widget-container\">\n\t\t\t\t\t\t\r\n\t\t<div>\r\n\t\t\t<div class=\"cz_title clr cz_mobile_text_center cz_title_pos_inline\"><div class=\"cz_title_shape shape_square cz_shape_1\"><\/div><div class=\"cz_title_content\"><div class=\"cz_wpe_content\"><p>HAKKIMIZDA<\/p><h2>TAR\u0130H\u0130M\u0130Z\u00a0<\/h2><\/div><\/div><\/div>\r\n\t\t<\/div>\r\n\t\t\r\n\t\t\t\t\t\t<\/div>\n\t\t\t\t<\/div>\n\t\t\t\t<div class=\"elementor-element elementor-element-caaada8 elementor-widget elementor-widget-cz_title\" data-id=\"caaada8\" data-element_type=\"widget\" data-widget_type=\"cz_title.default\">\n\t\t\t\t<div class=\"elementor-widget-container\">\n\t\t\t\t\t\t\r\n\t\t<div>\r\n\t\t\t<div class=\"cz_title clr cz_mobile_text_center cz_title_pos_inline\"><div class=\"cz_title_content\"><div class=\"cz_wpe_content\"><p style=\"text-align: justify;\">Fineman \u015firketi, Sistem yap\u0131s\u0131 ve Kriterleri baz alarak, uzman ve motive g\u00fc\u00e7ler i\u00e7in de\u011fer yaratan, Ar-Ge sisteminden yararlanan, \u00f6\u011frenen, yarat\u0131c\u0131 bir organizasyon belirlemeyi, vizyonunu tek bir \u015firket haline getirmeyi ama\u00e7lamaktad\u0131r. T\u00fcrkiye'nin en ba\u015far\u0131l\u0131 ve sayg\u0131n imalat firmalar\u0131ndan hidrolik ve pn\u00f6matik ekipmanlar\u0131n tedari\u011fi ve d\u00fcnyaca \u00fcnl\u00fc standartlarda \u00fcr\u00fcnlerin toptan sat\u0131\u015f\u0131 ile kendini devreye sokarak yerli ve yabanc\u0131 m\u00fc\u015fterilerine kapsaml\u0131 hizmetler sunmaktad\u0131r.<\/p><\/div><\/div><\/div>\r\n\t\t<\/div>\r\n\t\t\r\n\t\t\t\t\t\t<\/div>\n\t\t\t\t<\/div>\n\t\t\t\t<div class=\"elementor-element elementor-element-adcad9e elementor-widget elementor-widget-cz_stylish_list\" data-id=\"adcad9e\" data-element_type=\"widget\" data-widget_type=\"cz_stylish_list.default\">\n\t\t\t\t<div class=\"elementor-widget-container\">\n\t\t\t\t\t<ul class=\"cz_stylish_list clr cz_sl_icon_hover_zoom_in\"><li class=\"elementor-repeater-item-731d3ff clr\"><div class=\"cz_sl_icon\"><i class=\"mr10 fa czico-074-tick-inside-circle\"><\/i><\/div><div><span>Kalite<\/span><\/div><\/li><li class=\"elementor-repeater-item-a65daed clr\"><div class=\"cz_sl_icon\"><i class=\"mr10 fa czico-074-tick-inside-circle\"><\/i><\/div><div><span>Kesinlik<\/span><\/div><\/li><li class=\"elementor-repeater-item-3587a05 clr\"><div class=\"cz_sl_icon\"><i class=\"mr10 fa czico-074-tick-inside-circle\"><\/i><\/div><div><span>Emniyet<\/span><\/div><\/li><li class=\"elementor-repeater-item-99113ea clr\"><div class=\"cz_sl_icon\"><i class=\"mr10 fa czico-074-tick-inside-circle\"><\/i><\/div><div><span>Yarat\u0131c\u0131<\/span><\/div><\/li><\/ul>\t\t\t\t<\/div>\n\t\t\t\t<\/div>\n\t\t\t\t\t<\/div>\n\t\t<\/div>\n\t\t\t\t<div class=\"elementor-column elementor-col-50 elementor-top-column elementor-element elementor-element-fee6549\" data-id=\"fee6549\" data-element_type=\"column\">\n\t\t\t<div class=\"elementor-widget-wrap elementor-element-populated\">\n\t\t\t\t\t\t<div class=\"elementor-element elementor-element-e8c52e8 elementor-widget elementor-widget-cz_gallery\" data-id=\"e8c52e8\" data-element_type=\"widget\" data-widget_type=\"cz_gallery.default\">\n\t\t\t\t<div class=\"elementor-widget-container\">\n\t\t\t\t\t<div class=\"cz_grid_p\"><div class=\"cz_grid cz_grid_1 clr cz_grid_c2 cz_grid_1_no_title cz_grid_1_mid tac\"><div class=\"cz_grid_item cz_grid_first\"><\/div><div class=\"cz_grid_item \"><div><a class=\"cz_grid_link \" href=\"https:\/\/finemancorp.com\/wp-content\/uploads\/2019\/09\/f1.jpg\" data-xtra-lightbox><img fetchpriority=\"high\" decoding=\"async\" width=\"400\" height=\"550\" src=\"data:image\/svg+xml,%3Csvg%20xmlns%3D&#39;http%3A%2F%2Fwww.w3.org%2F2000%2Fsvg&#39;%20width=&#39;400&#39;%20height=&#39;550&#39;%20viewBox%3D&#39;0%200%20400%20550&#39;%2F%3E\" data-czlz data-src=\"https:\/\/finemancorp.com\/wp-content\/uploads\/2019\/09\/f1.jpg\" class=\"attachment-codevz_600_600 size-codevz_600_600 wp-image-271\" alt=\"Repair and service of hydraulic equipment\" data-srcset=\"https:\/\/finemancorp.com\/wp-content\/uploads\/2019\/09\/f1.jpg 400w, https:\/\/finemancorp.com\/wp-content\/uploads\/2019\/09\/f1-218x300.jpg 218w\" data-sizes=\"(max-width: 400px) 100vw, 400px\" \/><div class=\"cz_grid_details\"><i class=\"cz_grid_icon fa czico-117-web\"><\/i><\/div><\/a><\/div><\/div><div class=\"cz_grid_item \"><div><a class=\"cz_grid_link \" href=\"https:\/\/finemancorp.com\/wp-content\/uploads\/2019\/09\/f2.jpg\" data-xtra-lightbox><img decoding=\"async\" width=\"400\" height=\"550\" src=\"data:image\/svg+xml,%3Csvg%20xmlns%3D&#39;http%3A%2F%2Fwww.w3.org%2F2000%2Fsvg&#39;%20width=&#39;400&#39;%20height=&#39;550&#39;%20viewBox%3D&#39;0%200%20400%20550&#39;%2F%3E\" data-czlz data-src=\"https:\/\/finemancorp.com\/wp-content\/uploads\/2019\/09\/f2.jpg\" class=\"attachment-codevz_600_600 size-codevz_600_600 wp-image-279\" alt=\"Consultation and design of hydraulic equipment\" data-srcset=\"https:\/\/finemancorp.com\/wp-content\/uploads\/2019\/09\/f2.jpg 400w, https:\/\/finemancorp.com\/wp-content\/uploads\/2019\/09\/f2-218x300.jpg 218w\" data-sizes=\"(max-width: 400px) 100vw, 400px\" \/><div class=\"cz_grid_details\"><i class=\"cz_grid_icon fa czico-117-web\"><\/i><\/div><\/a><\/div><\/div><\/div><\/div>\t\t\t\t<\/div>\n\t\t\t\t<\/div>\n\t\t\t\t\t<\/div>\n\t\t<\/div>\n\t\t\t\t\t<\/div>\n\t\t<\/section>\n\t\t\t\t<section class=\"elementor-section elementor-top-section elementor-element elementor-element-30d9e0cc elementor-section-stretched elementor-section-boxed elementor-section-height-default elementor-section-height-default\" data-id=\"30d9e0cc\" data-element_type=\"section\" data-settings=\"{&quot;stretch_section&quot;:&quot;section-stretched&quot;,&quot;background_background&quot;:&quot;classic&quot;}\">\n\t\t\t\t\t\t<div class=\"elementor-container elementor-column-gap-default\">\n\t\t\t\t\t<div class=\"elementor-column elementor-col-66 elementor-top-column elementor-element elementor-element-5bb368a\" data-id=\"5bb368a\" data-element_type=\"column\">\n\t\t\t<div class=\"elementor-widget-wrap elementor-element-populated\">\n\t\t\t\t\t\t<div class=\"elementor-element elementor-element-4f9847ae elementor-widget elementor-widget-cz_title\" data-id=\"4f9847ae\" data-element_type=\"widget\" data-widget_type=\"cz_title.default\">\n\t\t\t\t<div class=\"elementor-widget-container\">\n\t\t\t\t\t\t\r\n\t\t<div>\r\n\t\t\t<div class=\"cz_title clr cz_smart_fs cz_mobile_text_center cz_title_has_icon cz_title_pos_inline\"><div class=\"cz_title_content\"><i class=\"cz_title_icon_before fa czico-098-profile-1\"><\/i><div class=\"cz_wpe_content\"><h3><span style=\"font-size: 36px;\"><span style=\"color: #ee0000;\"><span style=\"color: #ffffff;\">Bize Ula\u015f\u0131n, <\/span>\u00a0<\/span><span style=\"color: #ffffff;\"><span style=\"color: #ee0000;\">Daha fazla bilgiye ihtiyac\u0131n\u0131z varsa veya \u00fccretsiz sipari\u015f verirseniz bizimle ileti\u015fime ge\u00e7in<\/span><\/span><\/span><\/h3><\/div><\/div><\/div>\r\n\t\t<\/div>\r\n\t\t\r\n\t\t\t\t\t\t<\/div>\n\t\t\t\t<\/div>\n\t\t\t\t\t<\/div>\n\t\t<\/div>\n\t\t\t\t<div class=\"elementor-column elementor-col-33 elementor-top-column elementor-element elementor-element-6e9e413c\" data-id=\"6e9e413c\" data-element_type=\"column\">\n\t\t\t<div class=\"elementor-widget-wrap elementor-element-populated\">\n\t\t\t\t\t\t<div class=\"elementor-element elementor-element-5d7648b9 elementor-widget elementor-widget-cz_button\" data-id=\"5d7648b9\" data-element_type=\"widget\" data-widget_type=\"cz_button.default\">\n\t\t\t\t<div class=\"elementor-widget-container\">\n\t\t\t\t\t\t\t<div class=\"cz_btn_center\">\r\n\t\t\t<div>\r\n\t\t\t\t<a href=\"https:\/\/finemancorp.com\/contact-us\" target=\"_blank\" rel=\"nofollow\" class=\"cz_btn cz_btn_txt_no_fx cz_btn_fill_up\">\r\n\r\n\t\t\t\t\t<span>\t\t\t\t\t\t<strong>B\u0130ZE ULA\u015eIN\t\t\t\t\t\t\t\t\t\t\t\t\t<\/strong>\r\n\t\t\t\t\t\t\t\t\t\t\t<\/span>\r\n\r\n\t\t\t\t\t<b class=\"cz_btn_onhover\">\r\n\t\t\t\t\t\t\t\t\t\t\t\t<strong>\r\n\t\t\t\t\t\t\tB\u0130ZE ULA\u015eIN\t\t\t\t\t\t\t\t\t\t\t\t\t<\/strong>\r\n\t\t\t\t\t\t\t\t\t\t\t<\/b>\r\n\r\n\t\t\t\t<\/a>\r\n\t\t\t<\/div>\r\n\t\t<\/div> \t\t\t\t\t\t<\/div>\n\t\t\t\t<\/div>\n\t\t\t\t\t<\/div>\n\t\t<\/div>\n\t\t\t\t\t<\/div>\n\t\t<\/section>\n\t\t\t\t<section class=\"elementor-section elementor-top-section elementor-element elementor-element-f54a75d elementor-section-full_width elementor-section-height-default elementor-section-height-default\" data-id=\"f54a75d\" data-element_type=\"section\">\n\t\t\t\t\t\t<div class=\"elementor-container elementor-column-gap-default\">\n\t\t\t\t\t<div class=\"elementor-column elementor-col-50 elementor-top-column elementor-element elementor-element-18e7487\" data-id=\"18e7487\" data-element_type=\"column\">\n\t\t\t<div class=\"elementor-widget-wrap elementor-element-populated\">\n\t\t\t\t\t\t<div class=\"elementor-element elementor-element-ac51cc6 elementor-widget elementor-widget-cz_gallery\" data-id=\"ac51cc6\" data-element_type=\"widget\" data-widget_type=\"cz_gallery.default\">\n\t\t\t\t<div class=\"elementor-widget-container\">\n\t\t\t\t\t<div class=\"cz_grid_p\"><div class=\"cz_grid cz_grid_1 clr cz_grid_c2 cz_grid_1_no_title cz_grid_1_mid tac cz_grid_two_columns_on_mobile\"><div class=\"cz_grid_item cz_grid_first\"><\/div><div class=\"cz_grid_item \"><div><a class=\"cz_grid_link \" href=\"https:\/\/finemancorp.com\/wp-content\/uploads\/2019\/09\/f1.jpg\" data-xtra-lightbox><img fetchpriority=\"high\" decoding=\"async\" width=\"400\" height=\"550\" src=\"data:image\/svg+xml,%3Csvg%20xmlns%3D&#39;http%3A%2F%2Fwww.w3.org%2F2000%2Fsvg&#39;%20width=&#39;400&#39;%20height=&#39;550&#39;%20viewBox%3D&#39;0%200%20400%20550&#39;%2F%3E\" data-czlz data-src=\"https:\/\/finemancorp.com\/wp-content\/uploads\/2019\/09\/f1.jpg\" class=\"attachment-codevz_600_600 size-codevz_600_600 wp-image-271\" alt=\"Repair and service of hydraulic equipment\" data-srcset=\"https:\/\/finemancorp.com\/wp-content\/uploads\/2019\/09\/f1.jpg 400w, https:\/\/finemancorp.com\/wp-content\/uploads\/2019\/09\/f1-218x300.jpg 218w\" data-sizes=\"(max-width: 400px) 100vw, 400px\" \/><div class=\"cz_grid_details\"><i class=\"cz_grid_icon fa czico-117-web\"><\/i><\/div><\/a><\/div><\/div><div class=\"cz_grid_item \"><div><a class=\"cz_grid_link \" href=\"https:\/\/finemancorp.com\/wp-content\/uploads\/2019\/09\/f8.jpg\" data-xtra-lightbox><img decoding=\"async\" width=\"400\" height=\"550\" src=\"data:image\/svg+xml,%3Csvg%20xmlns%3D&#39;http%3A%2F%2Fwww.w3.org%2F2000%2Fsvg&#39;%20width=&#39;400&#39;%20height=&#39;550&#39;%20viewBox%3D&#39;0%200%20400%20550&#39;%2F%3E\" data-czlz data-src=\"https:\/\/finemancorp.com\/wp-content\/uploads\/2019\/09\/f8.jpg\" class=\"attachment-codevz_600_600 size-codevz_600_600 wp-image-298\" alt=\"RETUBE SERVICE\" data-srcset=\"https:\/\/finemancorp.com\/wp-content\/uploads\/2019\/09\/f8.jpg 400w, https:\/\/finemancorp.com\/wp-content\/uploads\/2019\/09\/f8-218x300.jpg 218w\" data-sizes=\"(max-width: 400px) 100vw, 400px\" \/><div class=\"cz_grid_details\"><i class=\"cz_grid_icon fa czico-117-web\"><\/i><\/div><\/a><\/div><\/div><\/div><\/div>\t\t\t\t<\/div>\n\t\t\t\t<\/div>\n\t\t\t\t\t<\/div>\n\t\t<\/div>\n\t\t\t\t<div class=\"elementor-column elementor-col-50 elementor-top-column elementor-element elementor-element-086aaa8\" data-id=\"086aaa8\" data-element_type=\"column\">\n\t\t\t<div class=\"elementor-widget-wrap elementor-element-populated\">\n\t\t\t\t\t\t<div class=\"elementor-element elementor-element-32b8705 elementor-widget elementor-widget-cz_title\" data-id=\"32b8705\" data-element_type=\"widget\" data-widget_type=\"cz_title.default\">\n\t\t\t\t<div class=\"elementor-widget-container\">\n\t\t\t\t\t\t\r\n\t\t<div>\r\n\t\t\t<div class=\"cz_title clr cz_mobile_text_center cz_title_pos_inline\"><div class=\"cz_title_shape shape_square cz_shape_1\"><\/div><div class=\"cz_title_content\"><div class=\"cz_wpe_content\"><p><span style=\"color: #666666; font-size: 22px;\">HAKKIMIZDA\u00a0<\/span><\/p><h2>M\u0130SYON &amp; V\u0130ZYONISSION<\/h2><\/div><\/div><\/div>\r\n\t\t<\/div>\r\n\t\t\r\n\t\t\t\t\t\t<\/div>\n\t\t\t\t<\/div>\n\t\t\t\t<div class=\"elementor-element elementor-element-2a663ab elementor-widget elementor-widget-cz_title\" data-id=\"2a663ab\" data-element_type=\"widget\" data-widget_type=\"cz_title.default\">\n\t\t\t\t<div class=\"elementor-widget-container\">\n\t\t\t\t\t\t\r\n\t\t<div>\r\n\t\t\t<div class=\"cz_title clr cz_mobile_text_center cz_title_pos_inline\"><div class=\"cz_title_content\"><div class=\"cz_wpe_content\"><p style=\"text-align: left;\">\u00c7o\u011fu modern fabrikada, montaj hatt\u0131 \u00fcretimi i\u00e7in kullan\u0131lan a\u011f\u0131r ekipmanlar\u0131n bulundu\u011fu b\u00fcy\u00fck depolar veya depo benzeri tesisler bulunur. B\u00fcy\u00fck fabrikalar, baz\u0131lar\u0131n\u0131n demiryolu, otoyol ve su y\u00fckleme ve bo\u015faltma tesislerine sahip oldu\u011fu, \u00e7oklu ula\u015f\u0131m modlar\u0131na eri\u015fime sahip olma e\u011filimindedir.<\/p><\/div><\/div><\/div>\r\n\t\t<\/div>\r\n\t\t\r\n\t\t\t\t\t\t<\/div>\n\t\t\t\t<\/div>\n\t\t\t\t<div class=\"elementor-element elementor-element-5f698c7 elementor-widget elementor-widget-cz_stylish_list\" data-id=\"5f698c7\" data-element_type=\"widget\" data-widget_type=\"cz_stylish_list.default\">\n\t\t\t\t<div class=\"elementor-widget-container\">\n\t\t\t\t\t<ul class=\"cz_stylish_list clr cz_sl_icon_hover_zoom_in\"><li class=\"elementor-repeater-item-78ffbe4 clr\"><div class=\"cz_sl_icon\"><i class=\"mr10 fa czico-074-tick-inside-circle\"><\/i><\/div><div><span>Zaman kazanmak<\/span><\/div><\/li><li class=\"elementor-repeater-item-ed714af clr\"><div class=\"cz_sl_icon\"><i class=\"mr10 fa czico-074-tick-inside-circle\"><\/i><\/div><div><span>\u00c7evresel koruma<\/span><\/div><\/li><li class=\"elementor-repeater-item-99751d2 clr\"><div class=\"cz_sl_icon\"><i class=\"mr10 fa czico-074-tick-inside-circle\"><\/i><\/div><div><span>\u0130\u015f g\u00fcvenli\u011fi<\/span><\/div><\/li><li class=\"elementor-repeater-item-274e83f clr\"><div class=\"cz_sl_icon\"><i class=\"mr10 fa czico-074-tick-inside-circle\"><\/i><\/div><div><span>Geli\u015fmi\u015f ekipman<\/span><\/div><\/li><\/ul>\t\t\t\t<\/div>\n\t\t\t\t<\/div>\n\t\t\t\t\t<\/div>\n\t\t<\/div>\n\t\t\t\t\t<\/div>\n\t\t<\/section>\n\t\t\t\t<\/div>\n\t\t","protected":false},"excerpt":{"rendered":"<p>HAKKIMIZDA TAR\u0130H\u0130M\u0130Z Fineman \u015firketi, Sistem yap\u0131s\u0131 ve Kriterleri baz alarak, uzman &#8230; <\/p>\n","protected":false},"author":1,"featured_media":0,"parent":0,"menu_order":0,"comment_status":"closed","ping_status":"closed","template":"","meta":{"footnotes":""},"class_list":["post-10","page","type-page","status-publish","hentry"],"yoast_head":"<!-- This site is optimized with the Yoast SEO Premium plugin v21.7 (Yoast SEO v27.0) - https:\/\/yoast.com\/product\/yoast-seo-premium-wordpress\/ -->\n<title>HAKKIMIZDA - Fineman<\/title>\n<meta name=\"robots\" content=\"index, follow, max-snippet:-1, max-image-preview:large, max-video-preview:-1\" \/>\n<link rel=\"canonical\" href=\"https:\/\/finemancorp.com\/tr\/hakkimizda\/\" \/>\n<meta property=\"og:locale\" content=\"tr_TR\" \/>\n<meta property=\"og:type\" content=\"article\" \/>\n<meta property=\"og:title\" content=\"HAKKIMIZDA\" \/>\n<meta property=\"og:description\" content=\"HAKKIMIZDA TAR\u0130H\u0130M\u0130Z Fineman \u015firketi, Sistem yap\u0131s\u0131 ve Kriterleri baz alarak, uzman ...\" \/>\n<meta property=\"og:url\" content=\"https:\/\/finemancorp.com\/tr\/hakkimizda\/\" \/>\n<meta property=\"og:site_name\" content=\"Fineman\" \/>\n<meta property=\"article:modified_time\" content=\"2024-06-24T10:21:10+00:00\" \/>\n<meta property=\"og:image\" content=\"https:\/\/finemancorp.com\/wp-content\/uploads\/2019\/09\/f1.jpg\" \/>\n<meta name=\"twitter:card\" content=\"summary_large_image\" \/>\n<meta name=\"twitter:label1\" content=\"Tahmini okuma s\u00fcresi\" \/>\n\t<meta name=\"twitter:data1\" content=\"2 dakika\" \/>\n<script type=\"application\/ld+json\" class=\"yoast-schema-graph\">{\"@context\":\"https:\/\/schema.org\",\"@graph\":[{\"@type\":\"WebPage\",\"@id\":\"https:\/\/finemancorp.com\/tr\/hakkimizda\/\",\"url\":\"https:\/\/finemancorp.com\/tr\/hakkimizda\/\",\"name\":\"HAKKIMIZDA - Fineman\",\"isPartOf\":{\"@id\":\"https:\/\/finemancorp.com\/tr\/#website\"},\"primaryImageOfPage\":{\"@id\":\"https:\/\/finemancorp.com\/tr\/hakkimizda\/#primaryimage\"},\"image\":{\"@id\":\"https:\/\/finemancorp.com\/tr\/hakkimizda\/#primaryimage\"},\"thumbnailUrl\":\"https:\/\/finemancorp.com\/wp-content\/uploads\/2019\/09\/f1.jpg\",\"datePublished\":\"2018-05-29T11:11:20+00:00\",\"dateModified\":\"2024-06-24T10:21:10+00:00\",\"breadcrumb\":{\"@id\":\"https:\/\/finemancorp.com\/tr\/hakkimizda\/#breadcrumb\"},\"inLanguage\":\"tr\",\"potentialAction\":[{\"@type\":\"ReadAction\",\"target\":[\"https:\/\/finemancorp.com\/tr\/hakkimizda\/\"]}]},{\"@type\":\"ImageObject\",\"inLanguage\":\"tr\",\"@id\":\"https:\/\/finemancorp.com\/tr\/hakkimizda\/#primaryimage\",\"url\":\"https:\/\/finemancorp.com\/wp-content\/uploads\/2019\/09\/f1.jpg\",\"contentUrl\":\"https:\/\/finemancorp.com\/wp-content\/uploads\/2019\/09\/f1.jpg\"},{\"@type\":\"BreadcrumbList\",\"@id\":\"https:\/\/finemancorp.com\/tr\/hakkimizda\/#breadcrumb\",\"itemListElement\":[{\"@type\":\"ListItem\",\"position\":1,\"name\":\"Home\",\"item\":\"https:\/\/finemancorp.com\/tr\/\"},{\"@type\":\"ListItem\",\"position\":2,\"name\":\"HAKKIMIZDA\"}]},{\"@type\":\"WebSite\",\"@id\":\"https:\/\/finemancorp.com\/tr\/#website\",\"url\":\"https:\/\/finemancorp.com\/tr\/\",\"name\":\"Fineman\",\"description\":\"Fineman company is Designer and manufacturer of all kinds of hydraulic and pneumatic parts and equipments\",\"potentialAction\":[{\"@type\":\"SearchAction\",\"target\":{\"@type\":\"EntryPoint\",\"urlTemplate\":\"https:\/\/finemancorp.com\/tr\/?s={search_term_string}\"},\"query-input\":{\"@type\":\"PropertyValueSpecification\",\"valueRequired\":true,\"valueName\":\"search_term_string\"}}],\"inLanguage\":\"tr\"}]}<\/script>\n<!-- \/ Yoast SEO Premium plugin. -->","yoast_head_json":{"title":"HAKKIMIZDA - Fineman","robots":{"index":"index","follow":"follow","max-snippet":"max-snippet:-1","max-image-preview":"max-image-preview:large","max-video-preview":"max-video-preview:-1"},"canonical":"https:\/\/finemancorp.com\/tr\/hakkimizda\/","og_locale":"tr_TR","og_type":"article","og_title":"HAKKIMIZDA","og_description":"HAKKIMIZDA TAR\u0130H\u0130M\u0130Z Fineman \u015firketi, Sistem yap\u0131s\u0131 ve Kriterleri baz alarak, uzman ...","og_url":"https:\/\/finemancorp.com\/tr\/hakkimizda\/","og_site_name":"Fineman","article_modified_time":"2024-06-24T10:21:10+00:00","og_image":[{"url":"https:\/\/finemancorp.com\/wp-content\/uploads\/2019\/09\/f1.jpg","type":"","width":"","height":""}],"twitter_card":"summary_large_image","twitter_misc":{"Tahmini okuma s\u00fcresi":"2 dakika"},"schema":{"@context":"https:\/\/schema.org","@graph":[{"@type":"WebPage","@id":"https:\/\/finemancorp.com\/tr\/hakkimizda\/","url":"https:\/\/finemancorp.com\/tr\/hakkimizda\/","name":"HAKKIMIZDA - Fineman","isPartOf":{"@id":"https:\/\/finemancorp.com\/tr\/#website"},"primaryImageOfPage":{"@id":"https:\/\/finemancorp.com\/tr\/hakkimizda\/#primaryimage"},"image":{"@id":"https:\/\/finemancorp.com\/tr\/hakkimizda\/#primaryimage"},"thumbnailUrl":"https:\/\/finemancorp.com\/wp-content\/uploads\/2019\/09\/f1.jpg","datePublished":"2018-05-29T11:11:20+00:00","dateModified":"2024-06-24T10:21:10+00:00","breadcrumb":{"@id":"https:\/\/finemancorp.com\/tr\/hakkimizda\/#breadcrumb"},"inLanguage":"tr","potentialAction":[{"@type":"ReadAction","target":["https:\/\/finemancorp.com\/tr\/hakkimizda\/"]}]},{"@type":"ImageObject","inLanguage":"tr","@id":"https:\/\/finemancorp.com\/tr\/hakkimizda\/#primaryimage","url":"https:\/\/finemancorp.com\/wp-content\/uploads\/2019\/09\/f1.jpg","contentUrl":"https:\/\/finemancorp.com\/wp-content\/uploads\/2019\/09\/f1.jpg"},{"@type":"BreadcrumbList","@id":"https:\/\/finemancorp.com\/tr\/hakkimizda\/#breadcrumb","itemListElement":[{"@type":"ListItem","position":1,"name":"Home","item":"https:\/\/finemancorp.com\/tr\/"},{"@type":"ListItem","position":2,"name":"HAKKIMIZDA"}]},{"@type":"WebSite","@id":"https:\/\/finemancorp.com\/tr\/#website","url":"https:\/\/finemancorp.com\/tr\/","name":"Fineman","description":"Fineman company is Designer and manufacturer of all kinds of hydraulic and pneumatic parts and equipments","potentialAction":[{"@type":"SearchAction","target":{"@type":"EntryPoint","urlTemplate":"https:\/\/finemancorp.com\/tr\/?s={search_term_string}"},"query-input":{"@type":"PropertyValueSpecification","valueRequired":true,"valueName":"search_term_string"}}],"inLanguage":"tr"}]}},"_links":{"self":[{"href":"https:\/\/finemancorp.com\/tr\/wp-json\/wp\/v2\/pages\/10","targetHints":{"allow":["GET"]}}],"collection":[{"href":"https:\/\/finemancorp.com\/tr\/wp-json\/wp\/v2\/pages"}],"about":[{"href":"https:\/\/finemancorp.com\/tr\/wp-json\/wp\/v2\/types\/page"}],"author":[{"embeddable":true,"href":"https:\/\/finemancorp.com\/tr\/wp-json\/wp\/v2\/users\/1"}],"replies":[{"embeddable":true,"href":"https:\/\/finemancorp.com\/tr\/wp-json\/wp\/v2\/comments?post=10"}],"version-history":[{"count":23,"href":"https:\/\/finemancorp.com\/tr\/wp-json\/wp\/v2\/pages\/10\/revisions"}],"predecessor-version":[{"id":2520,"href":"https:\/\/finemancorp.com\/tr\/wp-json\/wp\/v2\/pages\/10\/revisions\/2520"}],"wp:attachment":[{"href":"https:\/\/finemancorp.com\/tr\/wp-json\/wp\/v2\/media?parent=10"}],"curies":[{"name":"wp","href":"https:\/\/api.w.org\/{rel}","templated":true}]}}