{"id":2429,"date":"2024-02-06T14:19:00","date_gmt":"2024-02-06T11:19:00","guid":{"rendered":"https:\/\/finemancorp.com\/product\/2429\/"},"modified":"2024-11-12T10:31:37","modified_gmt":"2024-11-12T07:31:37","slug":"hydraulic-unit","status":"publish","type":"product","link":"https:\/\/finemancorp.com\/tr\/urun\/hydraulic-unit\/","title":{"rendered":"Hidrolik g\u00fc\u00e7 \u00fcniteleri"},"content":{"rendered":"<p>Hidrolik G\u00fc\u00e7 \u00dcniteleri hidrolik sistemlerin ana itici bile\u015fenleridir. Genellikle bir motor, bir s\u0131v\u0131 deposu ve bir pompadan olu\u015fur. Belirli bir hidrolik sistemin motorlar\u0131n\u0131, silindirlerini ve di\u011fer tamamlay\u0131c\u0131 par\u00e7alar\u0131n\u0131 tahrik etmek i\u00e7in gereken hidrolik bas\u0131nc\u0131 uygulamak i\u00e7in \u00e7al\u0131\u015f\u0131r.<\/p>\n<p>Hidrolik g\u00fc\u00e7 \u00fcniteleri (Hidrolik g\u00fc\u00e7 \u00fcnitesi) olarak da bilinen hidrolik \u00fcniteler, mekanik g\u00fcc\u00fc hidrolik enerjiye d\u00f6n\u00fc\u015ft\u00fcrerek makine ve ekipmanlar\u0131 tahrik etmek i\u00e7in hidrolik g\u00fcc\u00fc kontrol eden, da\u011f\u0131tan ve \u00fcreten \u00f6zel sistemlerdir.<\/p>\n<p>Rezervuar, pompa, motor, filtreler ve akt\u00fcat\u00f6rler bir Hidrolik g\u00fc\u00e7 \u00fcnitesinin ana bile\u015fenleridir.<\/p>\n<p>&nbsp;<\/p>\n<h3><strong>Hidrolik g\u00fc\u00e7 \u00fcnitelerinin tasar\u0131m\u0131nda \u00f6nemli parametre:<\/strong><\/h3>\n<p>Hidrolik g\u00fc\u00e7 \u00fcnitelerinin tasarlanmas\u0131, optimum verimlili\u011fi sa\u011flamak i\u00e7in ak\u0131\u015f h\u0131z\u0131, bas\u0131n\u00e7, ak\u0131\u015fkan viskozitesi, pompa tipi, kontrol sistemi ve \u00e7evre ko\u015fullar\u0131 gibi bir\u00e7ok temel parametrenin temel olarak dikkate al\u0131nmas\u0131n\u0131 i\u00e7erir. Her parametre genel performansta \u00f6nemli bir rol oynar.<\/p>\n<p>\u00d6nleyici bak\u0131m, hidrolik \u00fcnitelerin uzun \u00f6m\u00fcrl\u00fcl\u00fc\u011f\u00fc ve verimlili\u011fi a\u00e7\u0131s\u0131ndan \u00f6nemlidir.<\/p>\n<p>&nbsp;<\/p>\n<h4><strong>Avantajlar\u0131:<\/strong><\/h4>\n<ul>\n<li>Y\u00fcksek g\u00fc\u00e7 yo\u011funlu\u011fu<\/li>\n<li>Hassas kontrol<\/li>\n<li>Sorunsuz ve tutarl\u0131 \u00e7al\u0131\u015fma<\/li>\n<li>\u00c7ok y\u00f6nl\u00fcl\u00fck<\/li>\n<li>\u00f6zelle\u015ftirilebilirlik<\/li>\n<\/ul>\n","protected":false},"excerpt":{"rendered":"<p>Hidrolik G\u00fc\u00e7 \u00dcniteleri hidrolik sistemlerin ana itici bile\u015fenleridir. Genellikle bir motor, &#8230; <\/p>\n","protected":false},"featured_media":2219,"comment_status":"open","ping_status":"closed","template":"","meta":[],"product_brand":[],"product_cat":[119],"product_tag":[],"class_list":{"0":"post-2429","1":"product","2":"type-product","3":"status-publish","4":"has-post-thumbnail","6":"product_cat-hidrolik-ekipman","8":"first","9":"instock","10":"shipping-taxable","11":"product-type-simple"},"yoast_head":"<!-- This site is optimized with the Yoast SEO Premium plugin v21.7 (Yoast SEO v27.0) - https:\/\/yoast.com\/product\/yoast-seo-premium-wordpress\/ -->\n<title>Hidrolik g\u00fc\u00e7 \u00fcniteleri - Fineman - g\u00fc\u00e7 \u00fcnitesi- Hydraulic equipment<\/title>\n<meta name=\"description\" content=\"Hidrolik G\u00fc\u00e7 \u00dcniteleri hidrolik sistemlerin ana itici bile\u015fenleridir. Genellikle bir motor, bir s\u0131v\u0131 deposu ve bir pompadan olu\u015fur.\" \/>\n<meta name=\"robots\" content=\"index, follow, max-snippet:-1, max-image-preview:large, max-video-preview:-1\" \/>\n<link rel=\"canonical\" href=\"https:\/\/finemancorp.com\/tr\/urun\/hydraulic-unit\/\" \/>\n<meta property=\"og:locale\" content=\"tr_TR\" \/>\n<meta property=\"og:type\" content=\"article\" \/>\n<meta property=\"og:title\" content=\"Hidrolik g\u00fc\u00e7 \u00fcniteleri\" \/>\n<meta property=\"og:description\" content=\"Hidrolik G\u00fc\u00e7 \u00dcniteleri hidrolik sistemlerin ana itici bile\u015fenleridir. Genellikle bir motor, bir s\u0131v\u0131 deposu ve bir pompadan olu\u015fur.\" \/>\n<meta property=\"og:url\" content=\"https:\/\/finemancorp.com\/tr\/urun\/hydraulic-unit\/\" \/>\n<meta property=\"og:site_name\" content=\"Fineman\" \/>\n<meta property=\"article:modified_time\" content=\"2024-11-12T07:31:37+00:00\" \/>\n<meta property=\"og:image\" content=\"https:\/\/finemancorp.com\/wp-content\/uploads\/2024\/02\/hydrolic-unit-min.png\" \/>\n\t<meta property=\"og:image:width\" content=\"640\" \/>\n\t<meta property=\"og:image:height\" content=\"732\" \/>\n\t<meta property=\"og:image:type\" content=\"image\/png\" \/>\n<meta name=\"twitter:card\" content=\"summary_large_image\" \/>\n<meta name=\"twitter:label1\" content=\"Tahmini okuma s\u00fcresi\" \/>\n\t<meta name=\"twitter:data1\" content=\"1 dakika\" \/>\n<script type=\"application\/ld+json\" class=\"yoast-schema-graph\">{\"@context\":\"https:\/\/schema.org\",\"@graph\":[{\"@type\":\"WebPage\",\"@id\":\"https:\/\/finemancorp.com\/tr\/urun\/hydraulic-unit\/\",\"url\":\"https:\/\/finemancorp.com\/tr\/urun\/hydraulic-unit\/\",\"name\":\"Hidrolik g\u00fc\u00e7 \u00fcniteleri - Fineman - g\u00fc\u00e7 \u00fcnitesi- Hydraulic equipment\",\"isPartOf\":{\"@id\":\"https:\/\/finemancorp.com\/tr\/#website\"},\"primaryImageOfPage\":{\"@id\":\"https:\/\/finemancorp.com\/tr\/urun\/hydraulic-unit\/#primaryimage\"},\"image\":{\"@id\":\"https:\/\/finemancorp.com\/tr\/urun\/hydraulic-unit\/#primaryimage\"},\"thumbnailUrl\":\"https:\/\/finemancorp.com\/wp-content\/uploads\/2024\/02\/hydrolic-unit-min.png\",\"datePublished\":\"2024-02-06T11:19:00+00:00\",\"dateModified\":\"2024-11-12T07:31:37+00:00\",\"description\":\"Hidrolik G\u00fc\u00e7 \u00dcniteleri hidrolik sistemlerin ana itici bile\u015fenleridir. Genellikle bir motor, bir s\u0131v\u0131 deposu ve bir pompadan olu\u015fur.\",\"breadcrumb\":{\"@id\":\"https:\/\/finemancorp.com\/tr\/urun\/hydraulic-unit\/#breadcrumb\"},\"inLanguage\":\"tr\",\"potentialAction\":[{\"@type\":\"ReadAction\",\"target\":[\"https:\/\/finemancorp.com\/tr\/urun\/hydraulic-unit\/\"]}]},{\"@type\":\"ImageObject\",\"inLanguage\":\"tr\",\"@id\":\"https:\/\/finemancorp.com\/tr\/urun\/hydraulic-unit\/#primaryimage\",\"url\":\"https:\/\/finemancorp.com\/wp-content\/uploads\/2024\/02\/hydrolic-unit-min.png\",\"contentUrl\":\"https:\/\/finemancorp.com\/wp-content\/uploads\/2024\/02\/hydrolic-unit-min.png\",\"width\":640,\"height\":732,\"caption\":\"Hidrolik G\u00fc\u00e7 \u00dcniteleri\"},{\"@type\":\"BreadcrumbList\",\"@id\":\"https:\/\/finemancorp.com\/tr\/urun\/hydraulic-unit\/#breadcrumb\",\"itemListElement\":[{\"@type\":\"ListItem\",\"position\":1,\"name\":\"Home\",\"item\":\"https:\/\/finemancorp.com\/tr\/\"},{\"@type\":\"ListItem\",\"position\":2,\"name\":\"Product\",\"item\":\"https:\/\/finemancorp.com\/product\/\"},{\"@type\":\"ListItem\",\"position\":3,\"name\":\"Hidrolik g\u00fc\u00e7 \u00fcniteleri\"}]},{\"@type\":\"WebSite\",\"@id\":\"https:\/\/finemancorp.com\/tr\/#website\",\"url\":\"https:\/\/finemancorp.com\/tr\/\",\"name\":\"Fineman\",\"description\":\"Fineman company is Designer and manufacturer of all kinds of hydraulic and pneumatic parts and equipments\",\"potentialAction\":[{\"@type\":\"SearchAction\",\"target\":{\"@type\":\"EntryPoint\",\"urlTemplate\":\"https:\/\/finemancorp.com\/tr\/?s={search_term_string}\"},\"query-input\":{\"@type\":\"PropertyValueSpecification\",\"valueRequired\":true,\"valueName\":\"search_term_string\"}}],\"inLanguage\":\"tr\"}]}<\/script>\n<!-- \/ Yoast SEO Premium plugin. -->","yoast_head_json":{"title":"Hidrolik g\u00fc\u00e7 \u00fcniteleri - Fineman - g\u00fc\u00e7 \u00fcnitesi- Hydraulic equipment","description":"Hidrolik G\u00fc\u00e7 \u00dcniteleri hidrolik sistemlerin ana itici bile\u015fenleridir. Genellikle bir motor, bir s\u0131v\u0131 deposu ve bir pompadan olu\u015fur.","robots":{"index":"index","follow":"follow","max-snippet":"max-snippet:-1","max-image-preview":"max-image-preview:large","max-video-preview":"max-video-preview:-1"},"canonical":"https:\/\/finemancorp.com\/tr\/urun\/hydraulic-unit\/","og_locale":"tr_TR","og_type":"article","og_title":"Hidrolik g\u00fc\u00e7 \u00fcniteleri","og_description":"Hidrolik G\u00fc\u00e7 \u00dcniteleri hidrolik sistemlerin ana itici bile\u015fenleridir. Genellikle bir motor, bir s\u0131v\u0131 deposu ve bir pompadan olu\u015fur.","og_url":"https:\/\/finemancorp.com\/tr\/urun\/hydraulic-unit\/","og_site_name":"Fineman","article_modified_time":"2024-11-12T07:31:37+00:00","og_image":[{"width":640,"height":732,"url":"https:\/\/finemancorp.com\/wp-content\/uploads\/2024\/02\/hydrolic-unit-min.png","type":"image\/png"}],"twitter_card":"summary_large_image","twitter_misc":{"Tahmini okuma s\u00fcresi":"1 dakika"},"schema":{"@context":"https:\/\/schema.org","@graph":[{"@type":"WebPage","@id":"https:\/\/finemancorp.com\/tr\/urun\/hydraulic-unit\/","url":"https:\/\/finemancorp.com\/tr\/urun\/hydraulic-unit\/","name":"Hidrolik g\u00fc\u00e7 \u00fcniteleri - Fineman - g\u00fc\u00e7 \u00fcnitesi- Hydraulic equipment","isPartOf":{"@id":"https:\/\/finemancorp.com\/tr\/#website"},"primaryImageOfPage":{"@id":"https:\/\/finemancorp.com\/tr\/urun\/hydraulic-unit\/#primaryimage"},"image":{"@id":"https:\/\/finemancorp.com\/tr\/urun\/hydraulic-unit\/#primaryimage"},"thumbnailUrl":"https:\/\/finemancorp.com\/wp-content\/uploads\/2024\/02\/hydrolic-unit-min.png","datePublished":"2024-02-06T11:19:00+00:00","dateModified":"2024-11-12T07:31:37+00:00","description":"Hidrolik G\u00fc\u00e7 \u00dcniteleri hidrolik sistemlerin ana itici bile\u015fenleridir. Genellikle bir motor, bir s\u0131v\u0131 deposu ve bir pompadan olu\u015fur.","breadcrumb":{"@id":"https:\/\/finemancorp.com\/tr\/urun\/hydraulic-unit\/#breadcrumb"},"inLanguage":"tr","potentialAction":[{"@type":"ReadAction","target":["https:\/\/finemancorp.com\/tr\/urun\/hydraulic-unit\/"]}]},{"@type":"ImageObject","inLanguage":"tr","@id":"https:\/\/finemancorp.com\/tr\/urun\/hydraulic-unit\/#primaryimage","url":"https:\/\/finemancorp.com\/wp-content\/uploads\/2024\/02\/hydrolic-unit-min.png","contentUrl":"https:\/\/finemancorp.com\/wp-content\/uploads\/2024\/02\/hydrolic-unit-min.png","width":640,"height":732,"caption":"Hidrolik G\u00fc\u00e7 \u00dcniteleri"},{"@type":"BreadcrumbList","@id":"https:\/\/finemancorp.com\/tr\/urun\/hydraulic-unit\/#breadcrumb","itemListElement":[{"@type":"ListItem","position":1,"name":"Home","item":"https:\/\/finemancorp.com\/tr\/"},{"@type":"ListItem","position":2,"name":"Product","item":"https:\/\/finemancorp.com\/product\/"},{"@type":"ListItem","position":3,"name":"Hidrolik g\u00fc\u00e7 \u00fcniteleri"}]},{"@type":"WebSite","@id":"https:\/\/finemancorp.com\/tr\/#website","url":"https:\/\/finemancorp.com\/tr\/","name":"Fineman","description":"Fineman company is Designer and manufacturer of all kinds of hydraulic and pneumatic parts and equipments","potentialAction":[{"@type":"SearchAction","target":{"@type":"EntryPoint","urlTemplate":"https:\/\/finemancorp.com\/tr\/?s={search_term_string}"},"query-input":{"@type":"PropertyValueSpecification","valueRequired":true,"valueName":"search_term_string"}}],"inLanguage":"tr"}]}},"_links":{"self":[{"href":"https:\/\/finemancorp.com\/tr\/wp-json\/wp\/v2\/product\/2429","targetHints":{"allow":["GET"]}}],"collection":[{"href":"https:\/\/finemancorp.com\/tr\/wp-json\/wp\/v2\/product"}],"about":[{"href":"https:\/\/finemancorp.com\/tr\/wp-json\/wp\/v2\/types\/product"}],"replies":[{"embeddable":true,"href":"https:\/\/finemancorp.com\/tr\/wp-json\/wp\/v2\/comments?post=2429"}],"wp:featuredmedia":[{"embeddable":true,"href":"https:\/\/finemancorp.com\/tr\/wp-json\/wp\/v2\/media\/2219"}],"wp:attachment":[{"href":"https:\/\/finemancorp.com\/tr\/wp-json\/wp\/v2\/media?parent=2429"}],"wp:term":[{"taxonomy":"product_brand","embeddable":true,"href":"https:\/\/finemancorp.com\/tr\/wp-json\/wp\/v2\/product_brand?post=2429"},{"taxonomy":"product_cat","embeddable":true,"href":"https:\/\/finemancorp.com\/tr\/wp-json\/wp\/v2\/product_cat?post=2429"},{"taxonomy":"product_tag","embeddable":true,"href":"https:\/\/finemancorp.com\/tr\/wp-json\/wp\/v2\/product_tag?post=2429"}],"curies":[{"name":"wp","href":"https:\/\/api.w.org\/{rel}","templated":true}]}}