{"id":2430,"date":"2024-02-06T13:56:43","date_gmt":"2024-02-06T10:56:43","guid":{"rendered":"https:\/\/finemancorp.com\/product\/hidrolik-bloklar\/"},"modified":"2025-11-26T14:54:34","modified_gmt":"2025-11-26T11:54:34","slug":"hidrolik-bloklar","status":"publish","type":"product","link":"https:\/\/finemancorp.com\/tr\/urun\/hidrolik-bloklar\/","title":{"rendered":"Hidrolik bloklar"},"content":{"rendered":"<h2>Hidrolik blok<\/h2>\n<p>Hidrolik manifold, hidrolik sistemin ba\u011flant\u0131 noktalar\u0131n\u0131 birbirine ba\u011flayan \u00f6nemli bir bloktur.<\/p>\n<p>Hidrolik bloklar, pompadan akt\u00fcat\u00f6re kadar hidrolik sistemdeki s\u0131v\u0131 ak\u0131\u015f\u0131n\u0131 y\u00f6netmek i\u00e7in tasarlanm\u0131\u015ft\u0131r. Hidrolik Manifoldlar farkl\u0131 ba\u011flant\u0131 noktalar\u0131na ve kanallara giden bas\u0131nc\u0131 ve ak\u0131\u015f\u0131 d\u00fczenler. Merkezi bir merkez olarak \u00e7al\u0131\u015f\u0131rlar. \u0130htiya\u00e7lar\u0131n\u0131z\u0131 kar\u015f\u0131lamak i\u00e7in karbon \u00e7eli\u011fi, paslanmaz \u00e7elik veya al\u00fcminyumdan yap\u0131lm\u0131\u015f hidrolik manifoldlar \u00fcretebiliriz.<\/p>\n<p>&nbsp;<\/p>\n<h3><strong>Avantajlar\u0131:<\/strong><\/h3>\n<ul>\n<li>Yerden tasarruf<\/li>\n<li>Bak\u0131m maliyetini azalt\u0131n<\/li>\n<li>Y\u00fcksek verim<\/li>\n<li>Montaj s\u00fcresini azalt\u0131n<\/li>\n<\/ul>\n","protected":false},"excerpt":{"rendered":"<p>Hidrolik manifold, hidrolik sistemin ba\u011flant\u0131 noktalar\u0131n\u0131 birbirine ba\u011flayan \u00f6nemli bir bloktur.<\/p>\n<p>&nbsp;<\/p>\n<p>&nbsp;<\/p>\n<p ...  \n\n","protected":false},"featured_media":2218,"comment_status":"open","ping_status":"closed","template":"","meta":[],"product_brand":[],"product_cat":[119],"product_tag":[],"class_list":{"0":"post-2430","1":"product","2":"type-product","3":"status-publish","4":"has-post-thumbnail","6":"product_cat-hidrolik-ekipman","8":"first","9":"instock","10":"shipping-taxable","11":"product-type-simple"},"yoast_head":"<!-- This site is optimized with the Yoast SEO Premium plugin v21.7 (Yoast SEO v27.0) - https:\/\/yoast.com\/product\/yoast-seo-premium-wordpress\/ -->\n<title>Hidrolik bloklar - Fineman Hydraulic blocks | Hidrolik manifold<\/title>\n<meta name=\"description\" content=\"Hidrolik bloklar ( Hidrolik manifold ) , pompadan akt\u00fcat\u00f6re kadar hidrolik sistemdeki s\u0131v\u0131 ak\u0131\u015f\u0131n\u0131 y\u00f6netmek i\u00e7in tasarlanm\u0131\u015ft\u0131r.\" \/>\n<meta name=\"robots\" content=\"index, follow, max-snippet:-1, max-image-preview:large, max-video-preview:-1\" \/>\n<link rel=\"canonical\" href=\"https:\/\/finemancorp.com\/tr\/urun\/hidrolik-bloklar\/\" \/>\n<meta property=\"og:locale\" content=\"tr_TR\" \/>\n<meta property=\"og:type\" content=\"article\" \/>\n<meta property=\"og:title\" content=\"Hidrolik bloklar\" \/>\n<meta property=\"og:description\" content=\"Hidrolik bloklar ( Hidrolik manifold ) , pompadan akt\u00fcat\u00f6re kadar hidrolik sistemdeki s\u0131v\u0131 ak\u0131\u015f\u0131n\u0131 y\u00f6netmek i\u00e7in tasarlanm\u0131\u015ft\u0131r.\" \/>\n<meta property=\"og:url\" content=\"https:\/\/finemancorp.com\/tr\/urun\/hidrolik-bloklar\/\" \/>\n<meta property=\"og:site_name\" content=\"Fineman\" \/>\n<meta property=\"article:modified_time\" content=\"2025-11-26T11:54:34+00:00\" \/>\n<meta property=\"og:image\" content=\"https:\/\/finemancorp.com\/wp-content\/uploads\/2024\/02\/hydrolic-block.png\" \/>\n\t<meta property=\"og:image:width\" content=\"700\" \/>\n\t<meta property=\"og:image:height\" content=\"617\" \/>\n\t<meta property=\"og:image:type\" content=\"image\/png\" \/>\n<meta name=\"twitter:card\" content=\"summary_large_image\" \/>\n<meta name=\"twitter:label1\" content=\"Tahmini okuma s\u00fcresi\" \/>\n\t<meta name=\"twitter:data1\" content=\"1 dakika\" \/>\n<script type=\"application\/ld+json\" class=\"yoast-schema-graph\">{\"@context\":\"https:\/\/schema.org\",\"@graph\":[{\"@type\":\"WebPage\",\"@id\":\"https:\/\/finemancorp.com\/tr\/urun\/hidrolik-bloklar\/\",\"url\":\"https:\/\/finemancorp.com\/tr\/urun\/hidrolik-bloklar\/\",\"name\":\"Hidrolik bloklar - Fineman Hydraulic blocks | Hidrolik manifold\",\"isPartOf\":{\"@id\":\"https:\/\/finemancorp.com\/tr\/#website\"},\"primaryImageOfPage\":{\"@id\":\"https:\/\/finemancorp.com\/tr\/urun\/hidrolik-bloklar\/#primaryimage\"},\"image\":{\"@id\":\"https:\/\/finemancorp.com\/tr\/urun\/hidrolik-bloklar\/#primaryimage\"},\"thumbnailUrl\":\"https:\/\/finemancorp.com\/wp-content\/uploads\/2024\/02\/hydrolic-block.png\",\"datePublished\":\"2024-02-06T10:56:43+00:00\",\"dateModified\":\"2025-11-26T11:54:34+00:00\",\"description\":\"Hidrolik bloklar ( Hidrolik manifold ) , pompadan akt\u00fcat\u00f6re kadar hidrolik sistemdeki s\u0131v\u0131 ak\u0131\u015f\u0131n\u0131 y\u00f6netmek i\u00e7in tasarlanm\u0131\u015ft\u0131r.\",\"breadcrumb\":{\"@id\":\"https:\/\/finemancorp.com\/tr\/urun\/hidrolik-bloklar\/#breadcrumb\"},\"inLanguage\":\"tr\",\"potentialAction\":[{\"@type\":\"ReadAction\",\"target\":[\"https:\/\/finemancorp.com\/tr\/urun\/hidrolik-bloklar\/\"]}]},{\"@type\":\"ImageObject\",\"inLanguage\":\"tr\",\"@id\":\"https:\/\/finemancorp.com\/tr\/urun\/hidrolik-bloklar\/#primaryimage\",\"url\":\"https:\/\/finemancorp.com\/wp-content\/uploads\/2024\/02\/hydrolic-block.png\",\"contentUrl\":\"https:\/\/finemancorp.com\/wp-content\/uploads\/2024\/02\/hydrolic-block.png\",\"width\":700,\"height\":617,\"caption\":\"Hydraulic Manifold\"},{\"@type\":\"BreadcrumbList\",\"@id\":\"https:\/\/finemancorp.com\/tr\/urun\/hidrolik-bloklar\/#breadcrumb\",\"itemListElement\":[{\"@type\":\"ListItem\",\"position\":1,\"name\":\"Home\",\"item\":\"https:\/\/finemancorp.com\/tr\/\"},{\"@type\":\"ListItem\",\"position\":2,\"name\":\"Product\",\"item\":\"https:\/\/finemancorp.com\/product\/\"},{\"@type\":\"ListItem\",\"position\":3,\"name\":\"Hidrolik bloklar\"}]},{\"@type\":\"WebSite\",\"@id\":\"https:\/\/finemancorp.com\/tr\/#website\",\"url\":\"https:\/\/finemancorp.com\/tr\/\",\"name\":\"Fineman\",\"description\":\"Fineman company is Designer and manufacturer of all kinds of hydraulic and pneumatic parts and equipments\",\"potentialAction\":[{\"@type\":\"SearchAction\",\"target\":{\"@type\":\"EntryPoint\",\"urlTemplate\":\"https:\/\/finemancorp.com\/tr\/?s={search_term_string}\"},\"query-input\":{\"@type\":\"PropertyValueSpecification\",\"valueRequired\":true,\"valueName\":\"search_term_string\"}}],\"inLanguage\":\"tr\"}]}<\/script>\n<!-- \/ Yoast SEO Premium plugin. -->","yoast_head_json":{"title":"Hidrolik bloklar - Fineman Hydraulic blocks | Hidrolik manifold","description":"Hidrolik bloklar ( Hidrolik manifold ) , pompadan akt\u00fcat\u00f6re kadar hidrolik sistemdeki s\u0131v\u0131 ak\u0131\u015f\u0131n\u0131 y\u00f6netmek i\u00e7in tasarlanm\u0131\u015ft\u0131r.","robots":{"index":"index","follow":"follow","max-snippet":"max-snippet:-1","max-image-preview":"max-image-preview:large","max-video-preview":"max-video-preview:-1"},"canonical":"https:\/\/finemancorp.com\/tr\/urun\/hidrolik-bloklar\/","og_locale":"tr_TR","og_type":"article","og_title":"Hidrolik bloklar","og_description":"Hidrolik bloklar ( Hidrolik manifold ) , pompadan akt\u00fcat\u00f6re kadar hidrolik sistemdeki s\u0131v\u0131 ak\u0131\u015f\u0131n\u0131 y\u00f6netmek i\u00e7in tasarlanm\u0131\u015ft\u0131r.","og_url":"https:\/\/finemancorp.com\/tr\/urun\/hidrolik-bloklar\/","og_site_name":"Fineman","article_modified_time":"2025-11-26T11:54:34+00:00","og_image":[{"width":700,"height":617,"url":"https:\/\/finemancorp.com\/wp-content\/uploads\/2024\/02\/hydrolic-block.png","type":"image\/png"}],"twitter_card":"summary_large_image","twitter_misc":{"Tahmini okuma s\u00fcresi":"1 dakika"},"schema":{"@context":"https:\/\/schema.org","@graph":[{"@type":"WebPage","@id":"https:\/\/finemancorp.com\/tr\/urun\/hidrolik-bloklar\/","url":"https:\/\/finemancorp.com\/tr\/urun\/hidrolik-bloklar\/","name":"Hidrolik bloklar - Fineman Hydraulic blocks | Hidrolik manifold","isPartOf":{"@id":"https:\/\/finemancorp.com\/tr\/#website"},"primaryImageOfPage":{"@id":"https:\/\/finemancorp.com\/tr\/urun\/hidrolik-bloklar\/#primaryimage"},"image":{"@id":"https:\/\/finemancorp.com\/tr\/urun\/hidrolik-bloklar\/#primaryimage"},"thumbnailUrl":"https:\/\/finemancorp.com\/wp-content\/uploads\/2024\/02\/hydrolic-block.png","datePublished":"2024-02-06T10:56:43+00:00","dateModified":"2025-11-26T11:54:34+00:00","description":"Hidrolik bloklar ( Hidrolik manifold ) , pompadan akt\u00fcat\u00f6re kadar hidrolik sistemdeki s\u0131v\u0131 ak\u0131\u015f\u0131n\u0131 y\u00f6netmek i\u00e7in tasarlanm\u0131\u015ft\u0131r.","breadcrumb":{"@id":"https:\/\/finemancorp.com\/tr\/urun\/hidrolik-bloklar\/#breadcrumb"},"inLanguage":"tr","potentialAction":[{"@type":"ReadAction","target":["https:\/\/finemancorp.com\/tr\/urun\/hidrolik-bloklar\/"]}]},{"@type":"ImageObject","inLanguage":"tr","@id":"https:\/\/finemancorp.com\/tr\/urun\/hidrolik-bloklar\/#primaryimage","url":"https:\/\/finemancorp.com\/wp-content\/uploads\/2024\/02\/hydrolic-block.png","contentUrl":"https:\/\/finemancorp.com\/wp-content\/uploads\/2024\/02\/hydrolic-block.png","width":700,"height":617,"caption":"Hydraulic Manifold"},{"@type":"BreadcrumbList","@id":"https:\/\/finemancorp.com\/tr\/urun\/hidrolik-bloklar\/#breadcrumb","itemListElement":[{"@type":"ListItem","position":1,"name":"Home","item":"https:\/\/finemancorp.com\/tr\/"},{"@type":"ListItem","position":2,"name":"Product","item":"https:\/\/finemancorp.com\/product\/"},{"@type":"ListItem","position":3,"name":"Hidrolik bloklar"}]},{"@type":"WebSite","@id":"https:\/\/finemancorp.com\/tr\/#website","url":"https:\/\/finemancorp.com\/tr\/","name":"Fineman","description":"Fineman company is Designer and manufacturer of all kinds of hydraulic and pneumatic parts and equipments","potentialAction":[{"@type":"SearchAction","target":{"@type":"EntryPoint","urlTemplate":"https:\/\/finemancorp.com\/tr\/?s={search_term_string}"},"query-input":{"@type":"PropertyValueSpecification","valueRequired":true,"valueName":"search_term_string"}}],"inLanguage":"tr"}]}},"_links":{"self":[{"href":"https:\/\/finemancorp.com\/tr\/wp-json\/wp\/v2\/product\/2430","targetHints":{"allow":["GET"]}}],"collection":[{"href":"https:\/\/finemancorp.com\/tr\/wp-json\/wp\/v2\/product"}],"about":[{"href":"https:\/\/finemancorp.com\/tr\/wp-json\/wp\/v2\/types\/product"}],"replies":[{"embeddable":true,"href":"https:\/\/finemancorp.com\/tr\/wp-json\/wp\/v2\/comments?post=2430"}],"wp:featuredmedia":[{"embeddable":true,"href":"https:\/\/finemancorp.com\/tr\/wp-json\/wp\/v2\/media\/2218"}],"wp:attachment":[{"href":"https:\/\/finemancorp.com\/tr\/wp-json\/wp\/v2\/media?parent=2430"}],"wp:term":[{"taxonomy":"product_brand","embeddable":true,"href":"https:\/\/finemancorp.com\/tr\/wp-json\/wp\/v2\/product_brand?post=2430"},{"taxonomy":"product_cat","embeddable":true,"href":"https:\/\/finemancorp.com\/tr\/wp-json\/wp\/v2\/product_cat?post=2430"},{"taxonomy":"product_tag","embeddable":true,"href":"https:\/\/finemancorp.com\/tr\/wp-json\/wp\/v2\/product_tag?post=2430"}],"curies":[{"name":"wp","href":"https:\/\/api.w.org\/{rel}","templated":true}]}}