{"id":2431,"date":"2024-01-30T12:03:04","date_gmt":"2024-01-30T09:03:04","guid":{"rendered":"https:\/\/finemancorp.com\/product\/valf-ogutucu\/"},"modified":"2025-11-26T14:52:10","modified_gmt":"2025-11-26T11:52:10","slug":"valve-grinder","status":"publish","type":"product","link":"https:\/\/finemancorp.com\/tr\/urun\/valve-grinder\/","title":{"rendered":"Valve grinder"},"content":{"rendered":"<p>Valve Grinder makinesi \u00f6ncelikle k\u00fcresel ve s\u00fcrg\u00fcl\u00fc valfler gibi valflerin y\u00fczeylerinin yeniden kaplanmas\u0131 ve p\u00fcr\u00fczs\u00fczle\u015ftirilmesi i\u00e7in kullan\u0131l\u0131r.<\/p>\n<p>Bu cihaz pn\u00f6matik veya elektrikli tahrikle \u00e7al\u0131\u015fabilir. P\u00fcr\u00fczs\u00fcz bir y\u00fczey elde etmek i\u00e7in Valve grinder makinesinin do\u011frulu\u011fu \u00f6nemlidir; en az\u0131ndan valf, son y\u00fczeyin p\u00fcr\u00fczs\u00fcz oldu\u011fundan emin olmak i\u00e7in dikkatlice incelenir.<\/p>\n<h2 dir=\"ltr\" style=\"text-align: left;\">Valve grinder nas\u0131l kullan\u0131l\u0131r:<\/h2>\n<ul>\n<li dir=\"ltr\" style=\"text-align: left;\">Valf haz\u0131rlanmas\u0131<\/li>\n<li dir=\"ltr\" style=\"text-align: left;\">Cihaz\u0131n vanaya yerle\u015ftirilmesi<\/li>\n<li dir=\"ltr\" style=\"text-align: left;\">A\u00e7\u0131 ve bas\u0131n\u00e7 ayar\u0131<\/li>\n<li dir=\"ltr\" style=\"text-align: left;\">Ta\u015flama i\u015flemi<\/li>\n<li dir=\"ltr\" style=\"text-align: left;\">Muayene ve kalite kontrol<\/li>\n<\/ul>\n<p>&nbsp;<\/p>\n<h3>Valve grinder`\u0131n temel \u00f6zellikleri:<\/h3>\n<ul>\n<li>Basit operasyon<\/li>\n<li>Ta\u015f\u0131nabilir<\/li>\n<li>Hafif<\/li>\n<li>Kullan\u0131m kolayl\u0131\u011f\u0131<\/li>\n<li>Makul fiyat<\/li>\n<li>Y\u00fcksek verim<\/li>\n<li>zaman kayb\u0131n\u0131 \u00f6nlemek<\/li>\n<\/ul>\n","protected":false},"excerpt":{"rendered":"<p>Valve grinder, cihaz\u0131n valf yuvas\u0131na d\u00fczg\u00fcn \u015fekilde oturmas\u0131n\u0131 sa\u011flamaya yard\u0131mc\u0131 olan &#8230; <\/p>\n","protected":false},"featured_media":2216,"comment_status":"open","ping_status":"closed","template":"","meta":[],"product_brand":[],"product_cat":[120],"product_tag":[],"class_list":{"0":"post-2431","1":"product","2":"type-product","3":"status-publish","4":"has-post-thumbnail","6":"product_cat-tasinabilir-torna-makinesi","8":"first","9":"instock","10":"shipping-taxable","11":"product-type-simple"},"yoast_head":"<!-- This site is optimized with the Yoast SEO Premium plugin v21.7 (Yoast SEO v27.0) - https:\/\/yoast.com\/product\/yoast-seo-premium-wordpress\/ -->\n<title>Valve grinder - Fineman - Portable lap - Valve grinding and lapping<\/title>\n<meta name=\"description\" content=\"Valve Grinder machines for workshop application and on site operations. Equipment dedicated to valve and safety valve seat repair.Contact Us: +905313728033\" \/>\n<meta name=\"robots\" content=\"index, follow, max-snippet:-1, max-image-preview:large, max-video-preview:-1\" \/>\n<link rel=\"canonical\" href=\"https:\/\/finemancorp.com\/tr\/urun\/valve-grinder\/\" \/>\n<meta property=\"og:locale\" content=\"tr_TR\" \/>\n<meta property=\"og:type\" content=\"article\" \/>\n<meta property=\"og:title\" content=\"Valve grinder\" \/>\n<meta property=\"og:description\" content=\"Valve Grinder machines for workshop application and on site operations. Equipment dedicated to valve and safety valve seat repair.Contact Us: +905313728033\" \/>\n<meta property=\"og:url\" content=\"https:\/\/finemancorp.com\/tr\/urun\/valve-grinder\/\" \/>\n<meta property=\"og:site_name\" content=\"Fineman\" \/>\n<meta property=\"article:modified_time\" content=\"2025-11-26T11:52:10+00:00\" \/>\n<meta property=\"og:image\" content=\"https:\/\/finemancorp.com\/wp-content\/uploads\/2024\/01\/valve-grinder.png\" \/>\n\t<meta property=\"og:image:width\" content=\"450\" \/>\n\t<meta property=\"og:image:height\" content=\"485\" \/>\n\t<meta property=\"og:image:type\" content=\"image\/png\" \/>\n<meta name=\"twitter:card\" content=\"summary_large_image\" \/>\n<meta name=\"twitter:label1\" content=\"Tahmini okuma s\u00fcresi\" \/>\n\t<meta name=\"twitter:data1\" content=\"1 dakika\" \/>\n<script type=\"application\/ld+json\" class=\"yoast-schema-graph\">{\"@context\":\"https:\/\/schema.org\",\"@graph\":[{\"@type\":\"WebPage\",\"@id\":\"https:\/\/finemancorp.com\/tr\/urun\/valve-grinder\/\",\"url\":\"https:\/\/finemancorp.com\/tr\/urun\/valve-grinder\/\",\"name\":\"Valve grinder - Fineman - Portable lap - Valve grinding and lapping\",\"isPartOf\":{\"@id\":\"https:\/\/finemancorp.com\/tr\/#website\"},\"primaryImageOfPage\":{\"@id\":\"https:\/\/finemancorp.com\/tr\/urun\/valve-grinder\/#primaryimage\"},\"image\":{\"@id\":\"https:\/\/finemancorp.com\/tr\/urun\/valve-grinder\/#primaryimage\"},\"thumbnailUrl\":\"https:\/\/finemancorp.com\/wp-content\/uploads\/2024\/01\/valve-grinder.png\",\"datePublished\":\"2024-01-30T09:03:04+00:00\",\"dateModified\":\"2025-11-26T11:52:10+00:00\",\"description\":\"Valve Grinder machines for workshop application and on site operations. Equipment dedicated to valve and safety valve seat repair.Contact Us: +905313728033\",\"breadcrumb\":{\"@id\":\"https:\/\/finemancorp.com\/tr\/urun\/valve-grinder\/#breadcrumb\"},\"inLanguage\":\"tr\",\"potentialAction\":[{\"@type\":\"ReadAction\",\"target\":[\"https:\/\/finemancorp.com\/tr\/urun\/valve-grinder\/\"]}]},{\"@type\":\"ImageObject\",\"inLanguage\":\"tr\",\"@id\":\"https:\/\/finemancorp.com\/tr\/urun\/valve-grinder\/#primaryimage\",\"url\":\"https:\/\/finemancorp.com\/wp-content\/uploads\/2024\/01\/valve-grinder.png\",\"contentUrl\":\"https:\/\/finemancorp.com\/wp-content\/uploads\/2024\/01\/valve-grinder.png\",\"width\":450,\"height\":485,\"caption\":\"Valf \u00d6\u011f\u00fct\u00fcc\u00fc\"},{\"@type\":\"BreadcrumbList\",\"@id\":\"https:\/\/finemancorp.com\/tr\/urun\/valve-grinder\/#breadcrumb\",\"itemListElement\":[{\"@type\":\"ListItem\",\"position\":1,\"name\":\"Home\",\"item\":\"https:\/\/finemancorp.com\/tr\/\"},{\"@type\":\"ListItem\",\"position\":2,\"name\":\"Product\",\"item\":\"https:\/\/finemancorp.com\/product\/\"},{\"@type\":\"ListItem\",\"position\":3,\"name\":\"Valve grinder\"}]},{\"@type\":\"WebSite\",\"@id\":\"https:\/\/finemancorp.com\/tr\/#website\",\"url\":\"https:\/\/finemancorp.com\/tr\/\",\"name\":\"Fineman\",\"description\":\"Fineman company is Designer and manufacturer of all kinds of hydraulic and pneumatic parts and equipments\",\"potentialAction\":[{\"@type\":\"SearchAction\",\"target\":{\"@type\":\"EntryPoint\",\"urlTemplate\":\"https:\/\/finemancorp.com\/tr\/?s={search_term_string}\"},\"query-input\":{\"@type\":\"PropertyValueSpecification\",\"valueRequired\":true,\"valueName\":\"search_term_string\"}}],\"inLanguage\":\"tr\"}]}<\/script>\n<!-- \/ Yoast SEO Premium plugin. -->","yoast_head_json":{"title":"Valve grinder - Fineman - Portable lap - Valve grinding and lapping","description":"Valve Grinder machines for workshop application and on site operations. Equipment dedicated to valve and safety valve seat repair.Contact Us: +905313728033","robots":{"index":"index","follow":"follow","max-snippet":"max-snippet:-1","max-image-preview":"max-image-preview:large","max-video-preview":"max-video-preview:-1"},"canonical":"https:\/\/finemancorp.com\/tr\/urun\/valve-grinder\/","og_locale":"tr_TR","og_type":"article","og_title":"Valve grinder","og_description":"Valve Grinder machines for workshop application and on site operations. Equipment dedicated to valve and safety valve seat repair.Contact Us: +905313728033","og_url":"https:\/\/finemancorp.com\/tr\/urun\/valve-grinder\/","og_site_name":"Fineman","article_modified_time":"2025-11-26T11:52:10+00:00","og_image":[{"width":450,"height":485,"url":"https:\/\/finemancorp.com\/wp-content\/uploads\/2024\/01\/valve-grinder.png","type":"image\/png"}],"twitter_card":"summary_large_image","twitter_misc":{"Tahmini okuma s\u00fcresi":"1 dakika"},"schema":{"@context":"https:\/\/schema.org","@graph":[{"@type":"WebPage","@id":"https:\/\/finemancorp.com\/tr\/urun\/valve-grinder\/","url":"https:\/\/finemancorp.com\/tr\/urun\/valve-grinder\/","name":"Valve grinder - Fineman - Portable lap - Valve grinding and lapping","isPartOf":{"@id":"https:\/\/finemancorp.com\/tr\/#website"},"primaryImageOfPage":{"@id":"https:\/\/finemancorp.com\/tr\/urun\/valve-grinder\/#primaryimage"},"image":{"@id":"https:\/\/finemancorp.com\/tr\/urun\/valve-grinder\/#primaryimage"},"thumbnailUrl":"https:\/\/finemancorp.com\/wp-content\/uploads\/2024\/01\/valve-grinder.png","datePublished":"2024-01-30T09:03:04+00:00","dateModified":"2025-11-26T11:52:10+00:00","description":"Valve Grinder machines for workshop application and on site operations. Equipment dedicated to valve and safety valve seat repair.Contact Us: +905313728033","breadcrumb":{"@id":"https:\/\/finemancorp.com\/tr\/urun\/valve-grinder\/#breadcrumb"},"inLanguage":"tr","potentialAction":[{"@type":"ReadAction","target":["https:\/\/finemancorp.com\/tr\/urun\/valve-grinder\/"]}]},{"@type":"ImageObject","inLanguage":"tr","@id":"https:\/\/finemancorp.com\/tr\/urun\/valve-grinder\/#primaryimage","url":"https:\/\/finemancorp.com\/wp-content\/uploads\/2024\/01\/valve-grinder.png","contentUrl":"https:\/\/finemancorp.com\/wp-content\/uploads\/2024\/01\/valve-grinder.png","width":450,"height":485,"caption":"Valf \u00d6\u011f\u00fct\u00fcc\u00fc"},{"@type":"BreadcrumbList","@id":"https:\/\/finemancorp.com\/tr\/urun\/valve-grinder\/#breadcrumb","itemListElement":[{"@type":"ListItem","position":1,"name":"Home","item":"https:\/\/finemancorp.com\/tr\/"},{"@type":"ListItem","position":2,"name":"Product","item":"https:\/\/finemancorp.com\/product\/"},{"@type":"ListItem","position":3,"name":"Valve grinder"}]},{"@type":"WebSite","@id":"https:\/\/finemancorp.com\/tr\/#website","url":"https:\/\/finemancorp.com\/tr\/","name":"Fineman","description":"Fineman company is Designer and manufacturer of all kinds of hydraulic and pneumatic parts and equipments","potentialAction":[{"@type":"SearchAction","target":{"@type":"EntryPoint","urlTemplate":"https:\/\/finemancorp.com\/tr\/?s={search_term_string}"},"query-input":{"@type":"PropertyValueSpecification","valueRequired":true,"valueName":"search_term_string"}}],"inLanguage":"tr"}]}},"_links":{"self":[{"href":"https:\/\/finemancorp.com\/tr\/wp-json\/wp\/v2\/product\/2431","targetHints":{"allow":["GET"]}}],"collection":[{"href":"https:\/\/finemancorp.com\/tr\/wp-json\/wp\/v2\/product"}],"about":[{"href":"https:\/\/finemancorp.com\/tr\/wp-json\/wp\/v2\/types\/product"}],"replies":[{"embeddable":true,"href":"https:\/\/finemancorp.com\/tr\/wp-json\/wp\/v2\/comments?post=2431"}],"wp:featuredmedia":[{"embeddable":true,"href":"https:\/\/finemancorp.com\/tr\/wp-json\/wp\/v2\/media\/2216"}],"wp:attachment":[{"href":"https:\/\/finemancorp.com\/tr\/wp-json\/wp\/v2\/media?parent=2431"}],"wp:term":[{"taxonomy":"product_brand","embeddable":true,"href":"https:\/\/finemancorp.com\/tr\/wp-json\/wp\/v2\/product_brand?post=2431"},{"taxonomy":"product_cat","embeddable":true,"href":"https:\/\/finemancorp.com\/tr\/wp-json\/wp\/v2\/product_cat?post=2431"},{"taxonomy":"product_tag","embeddable":true,"href":"https:\/\/finemancorp.com\/tr\/wp-json\/wp\/v2\/product_tag?post=2431"}],"curies":[{"name":"wp","href":"https:\/\/api.w.org\/{rel}","templated":true}]}}