{"id":2432,"date":"2024-02-15T10:57:12","date_gmt":"2024-02-15T07:57:12","guid":{"rendered":"https:\/\/finemancorp.com\/product\/tup-genisletici\/"},"modified":"2025-11-26T14:34:15","modified_gmt":"2025-11-26T11:34:15","slug":"tup-genisletici","status":"publish","type":"product","link":"https:\/\/finemancorp.com\/tr\/urun\/tup-genisletici\/","title":{"rendered":"Tube Expander"},"content":{"rendered":"<div data-hveid=\"CCIQAQ\">\n<div class=\"dnXCYb\" tabindex=\"0\" role=\"button\" aria-controls=\"_Q8DNZc-6Nq-wi-gP7ZuTyAo_47\" aria-expanded=\"true\">\n<p>Tube Expanders ( Boru Geni\u015fleticiler \/ T\u00fcp Geni\u015fleticiler), \u0131s\u0131 e\u015fanj\u00f6rleri, kazanlar ve kondenserlerde kullan\u0131lan borular\u0131n i\u00e7 \u00e7ap\u0131n\u0131 artt\u0131rmak i\u00e7in kullan\u0131lan \u00f6zel ekipmanlard\u0131r.<\/p>\n<p>T\u00fcp Geni\u015fletici kullanarak geni\u015fleme s\u00fcrecini anlamak, bile\u015fenleri hakk\u0131nda bilgi sahibi olmay\u0131 gerektirir. Mandrel, bu ekipman\u0131n ana bile\u015fenlerinden biridir. Geni\u015fleme s\u00fcrecini y\u00f6neten merkezi bir \u015faftt\u0131r. Di\u011fer \u00f6nemli bile\u015fen ise Silindirdir. Silindirler silindiriktir ve Mandrel etraf\u0131nda konumland\u0131r\u0131lm\u0131\u015ft\u0131r, d\u00f6nerek ve radyal kuvvetler \u00fcreterek t\u00fcp duvarlar\u0131na bas\u0131n\u00e7 uygular. M\u00fc\u015fteri ihtiyac\u0131na g\u00f6re hidrolik, pn\u00f6matik veya elektrik kuvvetiyle \u00fcretilebilir.<\/p>\n<h2 class=\"JlqpRe\" dir=\"ltr\">T\u00fcp Geni\u015fletici (Tube Expander) mekanizmas\u0131 birka\u00e7 ad\u0131m i\u00e7erir:<\/h2>\n<\/div>\n<\/div>\n<p>&nbsp;<\/p>\n<ul>\n<li>Ekleme<\/li>\n<li>Yuvarlanma eylemi<\/li>\n<li>Genle\u015fme<\/li>\n<\/ul>\n<p>&nbsp;<\/p>\n<h2>Avantajlar\u0131:<\/h2>\n<ul>\n<li>Kullan\u0131m kolayl\u0131\u011f\u0131<\/li>\n<li>T\u00fcplere zarar vermeden geni\u015fletme<\/li>\n<li>Ta\u015f\u0131nabilir<\/li>\n<li>Bak\u0131m s\u00fcresini azalt\u0131n<\/li>\n<li>Y\u00fcksek verim<\/li>\n<\/ul>\n","protected":false},"excerpt":{"rendered":"<p>Tube Expanders (Boru Geni\u015fleticiler), \u0131s\u0131 e\u015fanj\u00f6rleri, kazanlar ve kondenserlerde kullan\u0131lan borular\u0131n &#8230; <\/p>\n","protected":false},"featured_media":2236,"comment_status":"open","ping_status":"closed","template":"","meta":[],"product_brand":[],"product_cat":[119],"product_tag":[],"class_list":{"0":"post-2432","1":"product","2":"type-product","3":"status-publish","4":"has-post-thumbnail","6":"product_cat-hidrolik-ekipman","8":"first","9":"instock","10":"shipping-taxable","11":"product-type-simple"},"yoast_head":"<!-- This site is optimized with the Yoast SEO Premium plugin v21.7 (Yoast SEO v27.0) - https:\/\/yoast.com\/product\/yoast-seo-premium-wordpress\/ -->\n<title>Tube Expander - Fineman - T\u00fcp Geni\u015fletici- Boru Geni\u015fleticiler<\/title>\n<meta name=\"description\" content=\"T\u00fcp Geni\u015fletici (Tube Expander ) kullanarak geni\u015fleme s\u00fcrecini anlamak, bile\u015fenleri hakk\u0131nda bilgi sahibi olmay\u0131 gerektirir.\" \/>\n<meta name=\"robots\" content=\"index, follow, max-snippet:-1, max-image-preview:large, max-video-preview:-1\" \/>\n<link rel=\"canonical\" href=\"https:\/\/finemancorp.com\/tr\/urun\/tup-genisletici\/\" \/>\n<meta property=\"og:locale\" content=\"tr_TR\" \/>\n<meta property=\"og:type\" content=\"article\" \/>\n<meta property=\"og:title\" content=\"Tube Expander\" \/>\n<meta property=\"og:description\" content=\"T\u00fcp Geni\u015fletici (Tube Expander ) kullanarak geni\u015fleme s\u00fcrecini anlamak, bile\u015fenleri hakk\u0131nda bilgi sahibi olmay\u0131 gerektirir.\" \/>\n<meta property=\"og:url\" content=\"https:\/\/finemancorp.com\/tr\/urun\/tup-genisletici\/\" \/>\n<meta property=\"og:site_name\" content=\"Fineman\" \/>\n<meta property=\"article:modified_time\" content=\"2025-11-26T11:34:15+00:00\" \/>\n<meta property=\"og:image\" content=\"https:\/\/finemancorp.com\/wp-content\/uploads\/2024\/02\/tube-expander-min.png\" \/>\n\t<meta property=\"og:image:width\" content=\"864\" \/>\n\t<meta property=\"og:image:height\" content=\"500\" \/>\n\t<meta property=\"og:image:type\" content=\"image\/png\" \/>\n<meta name=\"twitter:card\" content=\"summary_large_image\" \/>\n<meta name=\"twitter:label1\" content=\"Tahmini okuma s\u00fcresi\" \/>\n\t<meta name=\"twitter:data1\" content=\"1 dakika\" \/>\n<script type=\"application\/ld+json\" class=\"yoast-schema-graph\">{\"@context\":\"https:\/\/schema.org\",\"@graph\":[{\"@type\":\"WebPage\",\"@id\":\"https:\/\/finemancorp.com\/tr\/urun\/tup-genisletici\/\",\"url\":\"https:\/\/finemancorp.com\/tr\/urun\/tup-genisletici\/\",\"name\":\"Tube Expander - Fineman - T\u00fcp Geni\u015fletici- Boru Geni\u015fleticiler\",\"isPartOf\":{\"@id\":\"https:\/\/finemancorp.com\/tr\/#website\"},\"primaryImageOfPage\":{\"@id\":\"https:\/\/finemancorp.com\/tr\/urun\/tup-genisletici\/#primaryimage\"},\"image\":{\"@id\":\"https:\/\/finemancorp.com\/tr\/urun\/tup-genisletici\/#primaryimage\"},\"thumbnailUrl\":\"https:\/\/finemancorp.com\/wp-content\/uploads\/2024\/02\/tube-expander-min.png\",\"datePublished\":\"2024-02-15T07:57:12+00:00\",\"dateModified\":\"2025-11-26T11:34:15+00:00\",\"description\":\"T\u00fcp Geni\u015fletici (Tube Expander ) kullanarak geni\u015fleme s\u00fcrecini anlamak, bile\u015fenleri hakk\u0131nda bilgi sahibi olmay\u0131 gerektirir.\",\"breadcrumb\":{\"@id\":\"https:\/\/finemancorp.com\/tr\/urun\/tup-genisletici\/#breadcrumb\"},\"inLanguage\":\"tr\",\"potentialAction\":[{\"@type\":\"ReadAction\",\"target\":[\"https:\/\/finemancorp.com\/tr\/urun\/tup-genisletici\/\"]}]},{\"@type\":\"ImageObject\",\"inLanguage\":\"tr\",\"@id\":\"https:\/\/finemancorp.com\/tr\/urun\/tup-genisletici\/#primaryimage\",\"url\":\"https:\/\/finemancorp.com\/wp-content\/uploads\/2024\/02\/tube-expander-min.png\",\"contentUrl\":\"https:\/\/finemancorp.com\/wp-content\/uploads\/2024\/02\/tube-expander-min.png\",\"width\":864,\"height\":500,\"caption\":\"T\u00fcp Geni\u015fletici\"},{\"@type\":\"BreadcrumbList\",\"@id\":\"https:\/\/finemancorp.com\/tr\/urun\/tup-genisletici\/#breadcrumb\",\"itemListElement\":[{\"@type\":\"ListItem\",\"position\":1,\"name\":\"Home\",\"item\":\"https:\/\/finemancorp.com\/tr\/\"},{\"@type\":\"ListItem\",\"position\":2,\"name\":\"Product\",\"item\":\"https:\/\/finemancorp.com\/product\/\"},{\"@type\":\"ListItem\",\"position\":3,\"name\":\"Tube Expander\"}]},{\"@type\":\"WebSite\",\"@id\":\"https:\/\/finemancorp.com\/tr\/#website\",\"url\":\"https:\/\/finemancorp.com\/tr\/\",\"name\":\"Fineman\",\"description\":\"Fineman company is Designer and manufacturer of all kinds of hydraulic and pneumatic parts and equipments\",\"potentialAction\":[{\"@type\":\"SearchAction\",\"target\":{\"@type\":\"EntryPoint\",\"urlTemplate\":\"https:\/\/finemancorp.com\/tr\/?s={search_term_string}\"},\"query-input\":{\"@type\":\"PropertyValueSpecification\",\"valueRequired\":true,\"valueName\":\"search_term_string\"}}],\"inLanguage\":\"tr\"}]}<\/script>\n<!-- \/ Yoast SEO Premium plugin. -->","yoast_head_json":{"title":"Tube Expander - Fineman - T\u00fcp Geni\u015fletici- Boru Geni\u015fleticiler","description":"T\u00fcp Geni\u015fletici (Tube Expander ) kullanarak geni\u015fleme s\u00fcrecini anlamak, bile\u015fenleri hakk\u0131nda bilgi sahibi olmay\u0131 gerektirir.","robots":{"index":"index","follow":"follow","max-snippet":"max-snippet:-1","max-image-preview":"max-image-preview:large","max-video-preview":"max-video-preview:-1"},"canonical":"https:\/\/finemancorp.com\/tr\/urun\/tup-genisletici\/","og_locale":"tr_TR","og_type":"article","og_title":"Tube Expander","og_description":"T\u00fcp Geni\u015fletici (Tube Expander ) kullanarak geni\u015fleme s\u00fcrecini anlamak, bile\u015fenleri hakk\u0131nda bilgi sahibi olmay\u0131 gerektirir.","og_url":"https:\/\/finemancorp.com\/tr\/urun\/tup-genisletici\/","og_site_name":"Fineman","article_modified_time":"2025-11-26T11:34:15+00:00","og_image":[{"width":864,"height":500,"url":"https:\/\/finemancorp.com\/wp-content\/uploads\/2024\/02\/tube-expander-min.png","type":"image\/png"}],"twitter_card":"summary_large_image","twitter_misc":{"Tahmini okuma s\u00fcresi":"1 dakika"},"schema":{"@context":"https:\/\/schema.org","@graph":[{"@type":"WebPage","@id":"https:\/\/finemancorp.com\/tr\/urun\/tup-genisletici\/","url":"https:\/\/finemancorp.com\/tr\/urun\/tup-genisletici\/","name":"Tube Expander - Fineman - T\u00fcp Geni\u015fletici- Boru Geni\u015fleticiler","isPartOf":{"@id":"https:\/\/finemancorp.com\/tr\/#website"},"primaryImageOfPage":{"@id":"https:\/\/finemancorp.com\/tr\/urun\/tup-genisletici\/#primaryimage"},"image":{"@id":"https:\/\/finemancorp.com\/tr\/urun\/tup-genisletici\/#primaryimage"},"thumbnailUrl":"https:\/\/finemancorp.com\/wp-content\/uploads\/2024\/02\/tube-expander-min.png","datePublished":"2024-02-15T07:57:12+00:00","dateModified":"2025-11-26T11:34:15+00:00","description":"T\u00fcp Geni\u015fletici (Tube Expander ) kullanarak geni\u015fleme s\u00fcrecini anlamak, bile\u015fenleri hakk\u0131nda bilgi sahibi olmay\u0131 gerektirir.","breadcrumb":{"@id":"https:\/\/finemancorp.com\/tr\/urun\/tup-genisletici\/#breadcrumb"},"inLanguage":"tr","potentialAction":[{"@type":"ReadAction","target":["https:\/\/finemancorp.com\/tr\/urun\/tup-genisletici\/"]}]},{"@type":"ImageObject","inLanguage":"tr","@id":"https:\/\/finemancorp.com\/tr\/urun\/tup-genisletici\/#primaryimage","url":"https:\/\/finemancorp.com\/wp-content\/uploads\/2024\/02\/tube-expander-min.png","contentUrl":"https:\/\/finemancorp.com\/wp-content\/uploads\/2024\/02\/tube-expander-min.png","width":864,"height":500,"caption":"T\u00fcp Geni\u015fletici"},{"@type":"BreadcrumbList","@id":"https:\/\/finemancorp.com\/tr\/urun\/tup-genisletici\/#breadcrumb","itemListElement":[{"@type":"ListItem","position":1,"name":"Home","item":"https:\/\/finemancorp.com\/tr\/"},{"@type":"ListItem","position":2,"name":"Product","item":"https:\/\/finemancorp.com\/product\/"},{"@type":"ListItem","position":3,"name":"Tube Expander"}]},{"@type":"WebSite","@id":"https:\/\/finemancorp.com\/tr\/#website","url":"https:\/\/finemancorp.com\/tr\/","name":"Fineman","description":"Fineman company is Designer and manufacturer of all kinds of hydraulic and pneumatic parts and equipments","potentialAction":[{"@type":"SearchAction","target":{"@type":"EntryPoint","urlTemplate":"https:\/\/finemancorp.com\/tr\/?s={search_term_string}"},"query-input":{"@type":"PropertyValueSpecification","valueRequired":true,"valueName":"search_term_string"}}],"inLanguage":"tr"}]}},"_links":{"self":[{"href":"https:\/\/finemancorp.com\/tr\/wp-json\/wp\/v2\/product\/2432","targetHints":{"allow":["GET"]}}],"collection":[{"href":"https:\/\/finemancorp.com\/tr\/wp-json\/wp\/v2\/product"}],"about":[{"href":"https:\/\/finemancorp.com\/tr\/wp-json\/wp\/v2\/types\/product"}],"replies":[{"embeddable":true,"href":"https:\/\/finemancorp.com\/tr\/wp-json\/wp\/v2\/comments?post=2432"}],"wp:featuredmedia":[{"embeddable":true,"href":"https:\/\/finemancorp.com\/tr\/wp-json\/wp\/v2\/media\/2236"}],"wp:attachment":[{"href":"https:\/\/finemancorp.com\/tr\/wp-json\/wp\/v2\/media?parent=2432"}],"wp:term":[{"taxonomy":"product_brand","embeddable":true,"href":"https:\/\/finemancorp.com\/tr\/wp-json\/wp\/v2\/product_brand?post=2432"},{"taxonomy":"product_cat","embeddable":true,"href":"https:\/\/finemancorp.com\/tr\/wp-json\/wp\/v2\/product_cat?post=2432"},{"taxonomy":"product_tag","embeddable":true,"href":"https:\/\/finemancorp.com\/tr\/wp-json\/wp\/v2\/product_tag?post=2432"}],"curies":[{"name":"wp","href":"https:\/\/api.w.org\/{rel}","templated":true}]}}