{"id":2436,"date":"2024-05-11T13:40:56","date_gmt":"2024-05-11T10:40:56","guid":{"rendered":"https:\/\/finemancorp.com\/product\/700-bar-pompa\/"},"modified":"2025-11-26T14:30:46","modified_gmt":"2025-11-26T11:30:46","slug":"700-bar-pompa","status":"publish","type":"product","link":"https:\/\/finemancorp.com\/tr\/urun\/700-bar-pompa\/","title":{"rendered":"700 BAR POMPA"},"content":{"rendered":"<p>700 barda (veya yakla\u015f\u0131k 10.000 psi) \u00e7al\u0131\u015fan pompalar y\u00fcksek bas\u0131n\u00e7l\u0131 pompalar olarak kabul edilir. Genellikle y\u00fcksek kuvvet gerektiren veya hassasiyetin kritik oldu\u011fu uygulamalarda kullan\u0131l\u0131rlar. 700 barda \u00e7al\u0131\u015fan bir pompan\u0131n gerektirebilece\u011fi baz\u0131 uygulama \u00f6rnekleri aras\u0131nda y\u00fcksek bas\u0131n\u00e7 testi, hidrolik presler ve hidrolik kriko bulunur.<\/p>\n<p>Hava tahrikli hidrolik pompalar genellikle bir pistonu veya diyafram\u0131 \u00e7al\u0131\u015ft\u0131rmak i\u00e7in bas\u0131n\u00e7l\u0131 hava kullanarak \u00e7al\u0131\u015f\u0131r ve ard\u0131ndan pompan\u0131n haznesindeki hidrolik s\u0131v\u0131y\u0131 bas\u0131n\u00e7land\u0131r\u0131r. Bu bas\u0131n\u00e7l\u0131 s\u0131v\u0131 daha sonra bir hortum veya ba\u015fka bir kanal arac\u0131l\u0131\u011f\u0131yla hidrolik sisteme iletilir. Pompa taraf\u0131ndan \u00fcretilen bas\u0131n\u00e7 miktar\u0131, pompan\u0131n boyutu, sa\u011flanan hava bas\u0131nc\u0131 ve pompan\u0131n hidrolik devresinin tasar\u0131m\u0131 gibi \u00e7e\u015fitli fakt\u00f6rlere ba\u011fl\u0131d\u0131r.<\/p>\n<p>Bir pompay\u0131 700 barda \u00e7al\u0131\u015ft\u0131r\u0131rken, y\u00fcksek bas\u0131n\u00e7l\u0131 hidrolik sistemlerle ili\u015fkili potansiyel tehlikeleri g\u00f6z \u00f6n\u00fcnde bulundurmak \u00f6nemlidir.<\/p>\n<p>Bunlara, hidrolik s\u0131v\u0131n\u0131n cilde veya alttaki dokulara zorlanmas\u0131 durumunda meydana gelebilecek s\u0131v\u0131 enjeksiyonu yaralanmalar\u0131 riski de dahildir.<\/p>\n<p>Y\u00fcksek bas\u0131n\u00e7l\u0131 hidrolik sistemlerle \u00e7al\u0131\u015f\u0131rken, uygun ki\u015fisel koruyucu ekipman giymek ve t\u00fcm hidrolik bile\u015fenlerin ama\u00e7lanan \u00e7al\u0131\u015fma bas\u0131nc\u0131na uygun \u015fekilde derecelendirildi\u011finden emin olmak da dahil olmak \u00fczere \u00f6nerilen t\u00fcm g\u00fcvenlik prosed\u00fcrlerine uymak \u00f6nemlidir.<\/p>\n","protected":false},"excerpt":{"rendered":"<p>700 barda (veya yakla\u015f\u0131k 10.000 psi&#8217;de) \u00e7al\u0131\u015fan pompalar y\u00fcksek bas\u0131n\u00e7 pompalar\u0131 &#8230; <\/p>\n","protected":false},"featured_media":2633,"comment_status":"open","ping_status":"closed","template":"","meta":[],"product_brand":[],"product_cat":[119],"product_tag":[],"class_list":{"0":"post-2436","1":"product","2":"type-product","3":"status-publish","4":"has-post-thumbnail","6":"product_cat-hidrolik-ekipman","8":"first","9":"instock","10":"shipping-taxable","11":"product-type-simple"},"yoast_head":"<!-- This site is optimized with the Yoast SEO Premium plugin v21.7 (Yoast SEO v27.0) - https:\/\/yoast.com\/product\/yoast-seo-premium-wordpress\/ -->\n<title>HYDRAULIC 700 BAR POMPA - Fineman - Hidrolik pompa 700 bar<\/title>\n<meta name=\"description\" content=\"700 bar&#039;da \u00e7al\u0131\u015fan pompalar ( Hidrolik pompa 700 bar ) y\u00fcksek bas\u0131n\u00e7l\u0131 pompalar olarak kabul edilir. \u00c7ok fazla g\u00fc\u00e7 gerektiren uygulamalarda kullan\u0131l\u0131rlar.\" \/>\n<meta name=\"robots\" content=\"index, follow, max-snippet:-1, max-image-preview:large, max-video-preview:-1\" \/>\n<link rel=\"canonical\" href=\"https:\/\/finemancorp.com\/tr\/urun\/700-bar-pompa\/\" \/>\n<meta property=\"og:locale\" content=\"tr_TR\" \/>\n<meta property=\"og:type\" content=\"article\" \/>\n<meta property=\"og:title\" content=\"700 BAR POMPA\" \/>\n<meta property=\"og:description\" content=\"700 bar&#039;da \u00e7al\u0131\u015fan pompalar ( Hidrolik pompa 700 bar ) y\u00fcksek bas\u0131n\u00e7l\u0131 pompalar olarak kabul edilir. \u00c7ok fazla g\u00fc\u00e7 gerektiren uygulamalarda kullan\u0131l\u0131rlar.\" \/>\n<meta property=\"og:url\" content=\"https:\/\/finemancorp.com\/tr\/urun\/700-bar-pompa\/\" \/>\n<meta property=\"og:site_name\" content=\"Fineman\" \/>\n<meta property=\"article:modified_time\" content=\"2025-11-26T11:30:46+00:00\" \/>\n<meta property=\"og:image\" content=\"https:\/\/finemancorp.com\/wp-content\/uploads\/2024\/05\/700-bar-pump.png\" \/>\n\t<meta property=\"og:image:width\" content=\"2480\" \/>\n\t<meta property=\"og:image:height\" content=\"3508\" \/>\n\t<meta property=\"og:image:type\" content=\"image\/png\" \/>\n<meta name=\"twitter:card\" content=\"summary_large_image\" \/>\n<meta name=\"twitter:label1\" content=\"Tahmini okuma s\u00fcresi\" \/>\n\t<meta name=\"twitter:data1\" content=\"1 dakika\" \/>\n<script type=\"application\/ld+json\" class=\"yoast-schema-graph\">{\"@context\":\"https:\/\/schema.org\",\"@graph\":[{\"@type\":\"WebPage\",\"@id\":\"https:\/\/finemancorp.com\/tr\/urun\/700-bar-pompa\/\",\"url\":\"https:\/\/finemancorp.com\/tr\/urun\/700-bar-pompa\/\",\"name\":\"HYDRAULIC 700 BAR POMPA - Fineman - Hidrolik pompa 700 bar\",\"isPartOf\":{\"@id\":\"https:\/\/finemancorp.com\/tr\/#website\"},\"primaryImageOfPage\":{\"@id\":\"https:\/\/finemancorp.com\/tr\/urun\/700-bar-pompa\/#primaryimage\"},\"image\":{\"@id\":\"https:\/\/finemancorp.com\/tr\/urun\/700-bar-pompa\/#primaryimage\"},\"thumbnailUrl\":\"https:\/\/finemancorp.com\/wp-content\/uploads\/2024\/05\/700-bar-pump.png\",\"datePublished\":\"2024-05-11T10:40:56+00:00\",\"dateModified\":\"2025-11-26T11:30:46+00:00\",\"description\":\"700 bar'da \u00e7al\u0131\u015fan pompalar ( Hidrolik pompa 700 bar ) y\u00fcksek bas\u0131n\u00e7l\u0131 pompalar olarak kabul edilir. \u00c7ok fazla g\u00fc\u00e7 gerektiren uygulamalarda kullan\u0131l\u0131rlar.\",\"breadcrumb\":{\"@id\":\"https:\/\/finemancorp.com\/tr\/urun\/700-bar-pompa\/#breadcrumb\"},\"inLanguage\":\"tr\",\"potentialAction\":[{\"@type\":\"ReadAction\",\"target\":[\"https:\/\/finemancorp.com\/tr\/urun\/700-bar-pompa\/\"]}]},{\"@type\":\"ImageObject\",\"inLanguage\":\"tr\",\"@id\":\"https:\/\/finemancorp.com\/tr\/urun\/700-bar-pompa\/#primaryimage\",\"url\":\"https:\/\/finemancorp.com\/wp-content\/uploads\/2024\/05\/700-bar-pump.png\",\"contentUrl\":\"https:\/\/finemancorp.com\/wp-content\/uploads\/2024\/05\/700-bar-pump.png\",\"width\":2480,\"height\":3508,\"caption\":\"pump 700 bar\"},{\"@type\":\"BreadcrumbList\",\"@id\":\"https:\/\/finemancorp.com\/tr\/urun\/700-bar-pompa\/#breadcrumb\",\"itemListElement\":[{\"@type\":\"ListItem\",\"position\":1,\"name\":\"Home\",\"item\":\"https:\/\/finemancorp.com\/tr\/\"},{\"@type\":\"ListItem\",\"position\":2,\"name\":\"Product\",\"item\":\"https:\/\/finemancorp.com\/product\/\"},{\"@type\":\"ListItem\",\"position\":3,\"name\":\"700 BAR POMPA\"}]},{\"@type\":\"WebSite\",\"@id\":\"https:\/\/finemancorp.com\/tr\/#website\",\"url\":\"https:\/\/finemancorp.com\/tr\/\",\"name\":\"Fineman\",\"description\":\"Fineman company is Designer and manufacturer of all kinds of hydraulic and pneumatic parts and equipments\",\"potentialAction\":[{\"@type\":\"SearchAction\",\"target\":{\"@type\":\"EntryPoint\",\"urlTemplate\":\"https:\/\/finemancorp.com\/tr\/?s={search_term_string}\"},\"query-input\":{\"@type\":\"PropertyValueSpecification\",\"valueRequired\":true,\"valueName\":\"search_term_string\"}}],\"inLanguage\":\"tr\"}]}<\/script>\n<!-- \/ Yoast SEO Premium plugin. -->","yoast_head_json":{"title":"HYDRAULIC 700 BAR POMPA - Fineman - Hidrolik pompa 700 bar","description":"700 bar'da \u00e7al\u0131\u015fan pompalar ( Hidrolik pompa 700 bar ) y\u00fcksek bas\u0131n\u00e7l\u0131 pompalar olarak kabul edilir. \u00c7ok fazla g\u00fc\u00e7 gerektiren uygulamalarda kullan\u0131l\u0131rlar.","robots":{"index":"index","follow":"follow","max-snippet":"max-snippet:-1","max-image-preview":"max-image-preview:large","max-video-preview":"max-video-preview:-1"},"canonical":"https:\/\/finemancorp.com\/tr\/urun\/700-bar-pompa\/","og_locale":"tr_TR","og_type":"article","og_title":"700 BAR POMPA","og_description":"700 bar'da \u00e7al\u0131\u015fan pompalar ( Hidrolik pompa 700 bar ) y\u00fcksek bas\u0131n\u00e7l\u0131 pompalar olarak kabul edilir. \u00c7ok fazla g\u00fc\u00e7 gerektiren uygulamalarda kullan\u0131l\u0131rlar.","og_url":"https:\/\/finemancorp.com\/tr\/urun\/700-bar-pompa\/","og_site_name":"Fineman","article_modified_time":"2025-11-26T11:30:46+00:00","og_image":[{"width":2480,"height":3508,"url":"https:\/\/finemancorp.com\/wp-content\/uploads\/2024\/05\/700-bar-pump.png","type":"image\/png"}],"twitter_card":"summary_large_image","twitter_misc":{"Tahmini okuma s\u00fcresi":"1 dakika"},"schema":{"@context":"https:\/\/schema.org","@graph":[{"@type":"WebPage","@id":"https:\/\/finemancorp.com\/tr\/urun\/700-bar-pompa\/","url":"https:\/\/finemancorp.com\/tr\/urun\/700-bar-pompa\/","name":"HYDRAULIC 700 BAR POMPA - Fineman - Hidrolik pompa 700 bar","isPartOf":{"@id":"https:\/\/finemancorp.com\/tr\/#website"},"primaryImageOfPage":{"@id":"https:\/\/finemancorp.com\/tr\/urun\/700-bar-pompa\/#primaryimage"},"image":{"@id":"https:\/\/finemancorp.com\/tr\/urun\/700-bar-pompa\/#primaryimage"},"thumbnailUrl":"https:\/\/finemancorp.com\/wp-content\/uploads\/2024\/05\/700-bar-pump.png","datePublished":"2024-05-11T10:40:56+00:00","dateModified":"2025-11-26T11:30:46+00:00","description":"700 bar'da \u00e7al\u0131\u015fan pompalar ( Hidrolik pompa 700 bar ) y\u00fcksek bas\u0131n\u00e7l\u0131 pompalar olarak kabul edilir. \u00c7ok fazla g\u00fc\u00e7 gerektiren uygulamalarda kullan\u0131l\u0131rlar.","breadcrumb":{"@id":"https:\/\/finemancorp.com\/tr\/urun\/700-bar-pompa\/#breadcrumb"},"inLanguage":"tr","potentialAction":[{"@type":"ReadAction","target":["https:\/\/finemancorp.com\/tr\/urun\/700-bar-pompa\/"]}]},{"@type":"ImageObject","inLanguage":"tr","@id":"https:\/\/finemancorp.com\/tr\/urun\/700-bar-pompa\/#primaryimage","url":"https:\/\/finemancorp.com\/wp-content\/uploads\/2024\/05\/700-bar-pump.png","contentUrl":"https:\/\/finemancorp.com\/wp-content\/uploads\/2024\/05\/700-bar-pump.png","width":2480,"height":3508,"caption":"pump 700 bar"},{"@type":"BreadcrumbList","@id":"https:\/\/finemancorp.com\/tr\/urun\/700-bar-pompa\/#breadcrumb","itemListElement":[{"@type":"ListItem","position":1,"name":"Home","item":"https:\/\/finemancorp.com\/tr\/"},{"@type":"ListItem","position":2,"name":"Product","item":"https:\/\/finemancorp.com\/product\/"},{"@type":"ListItem","position":3,"name":"700 BAR POMPA"}]},{"@type":"WebSite","@id":"https:\/\/finemancorp.com\/tr\/#website","url":"https:\/\/finemancorp.com\/tr\/","name":"Fineman","description":"Fineman company is Designer and manufacturer of all kinds of hydraulic and pneumatic parts and equipments","potentialAction":[{"@type":"SearchAction","target":{"@type":"EntryPoint","urlTemplate":"https:\/\/finemancorp.com\/tr\/?s={search_term_string}"},"query-input":{"@type":"PropertyValueSpecification","valueRequired":true,"valueName":"search_term_string"}}],"inLanguage":"tr"}]}},"_links":{"self":[{"href":"https:\/\/finemancorp.com\/tr\/wp-json\/wp\/v2\/product\/2436","targetHints":{"allow":["GET"]}}],"collection":[{"href":"https:\/\/finemancorp.com\/tr\/wp-json\/wp\/v2\/product"}],"about":[{"href":"https:\/\/finemancorp.com\/tr\/wp-json\/wp\/v2\/types\/product"}],"replies":[{"embeddable":true,"href":"https:\/\/finemancorp.com\/tr\/wp-json\/wp\/v2\/comments?post=2436"}],"wp:featuredmedia":[{"embeddable":true,"href":"https:\/\/finemancorp.com\/tr\/wp-json\/wp\/v2\/media\/2633"}],"wp:attachment":[{"href":"https:\/\/finemancorp.com\/tr\/wp-json\/wp\/v2\/media?parent=2436"}],"wp:term":[{"taxonomy":"product_brand","embeddable":true,"href":"https:\/\/finemancorp.com\/tr\/wp-json\/wp\/v2\/product_brand?post=2436"},{"taxonomy":"product_cat","embeddable":true,"href":"https:\/\/finemancorp.com\/tr\/wp-json\/wp\/v2\/product_cat?post=2436"},{"taxonomy":"product_tag","embeddable":true,"href":"https:\/\/finemancorp.com\/tr\/wp-json\/wp\/v2\/product_tag?post=2436"}],"curies":[{"name":"wp","href":"https:\/\/api.w.org\/{rel}","templated":true}]}}