{"id":2479,"date":"2024-01-29T12:52:08","date_gmt":"2024-01-29T09:52:08","guid":{"rendered":"https:\/\/finemancorp.com\/product\/tube-bundle-lifter\/"},"modified":"2025-11-26T14:47:05","modified_gmt":"2025-11-26T11:47:05","slug":"tube-bundle-lifter","status":"publish","type":"product","link":"https:\/\/finemancorp.com\/tr\/urun\/tube-bundle-lifter\/","title":{"rendered":"Tube Bundle Lifter"},"content":{"rendered":"<h1 class=\"mb-lg\">Boru demeti kald\u0131rma makinesi<\/h1>\n<p>Boru demeti kald\u0131r\u0131c\u0131, kabuk ve borulu \u0131s\u0131 e\u015fanj\u00f6rlerindeki boru demetlerini kald\u0131rmak ve de\u011fi\u015ftirmek i\u00e7in tasarlanm\u0131\u015f \u00f6zel bir cihazd\u0131r. Bu kald\u0131r\u0131c\u0131lar, onar\u0131m ve bak\u0131m i\u015flemleri s\u0131ras\u0131nda boru demetlerinin ta\u015f\u0131nmas\u0131 i\u00e7in gereklidir.<\/p>\n<p>Emniyeti, g\u00fcvenli\u011fi artt\u0131ran ve hem tesis i\u00e7erisinde hem de \u0131s\u0131 e\u015fanj\u00f6rlerinin \u00fcretimi s\u0131ras\u0131nda kullan\u0131labilen bir \u00fcr\u00fcnd\u00fcr. Boru demetini kolay ve g\u00fcvenli bir \u015fekilde kald\u0131ran Demet kald\u0131r\u0131c\u0131, borular\u0131n zarar g\u00f6rme riskini ortadan kald\u0131r\u0131r.<\/p>\n<h2 dir=\"ltr\">Boru demeti kald\u0131r\u0131c\u0131n\u0131n performans\u0131<\/h2>\n<p dir=\"ltr\">Boru demeti kald\u0131rma makinesi, end\u00fcstriyel uygulamalar i\u00e7in boru demetlerini kald\u0131rmak ve ta\u015f\u0131mak \u00fczere tasarlanm\u0131\u015f bir cihazd\u0131r. Boru demeti boyunca geni\u015f bir kuvvet uygulayarak, geleneksel y\u00f6ntemlere k\u0131yasla boru demetinin b\u00fck\u00fclmesini \u00f6nler.<\/p>\n<p>&nbsp;<\/p>\n<h3>\u00d6zellikler ve i\u015flevler:<\/h3>\n<ul>\n<li>Sa\u011flam ve G\u00fcvenilir Yap\u0131<\/li>\n<li>Hassas Kullan\u0131m<\/li>\n<li>\u00c7ok Y\u00f6nl\u00fc ve \u00d6zelle\u015ftirilebilir<\/li>\n<li>Hareket Kolayl\u0131\u011f\u0131<\/li>\n<li>Hassas Kullan\u0131m<\/li>\n<li>G\u00fcvenli\u011fi ve Verimlili\u011fi Art\u0131rma<\/li>\n<li>Kompakt tasar\u0131m<\/li>\n<\/ul>\n<p>&nbsp;<\/p>\n","protected":false},"excerpt":{"rendered":"<p dir=\"ltr\">Boru demeti kald\u0131r\u0131c\u0131, tamir i\u00e7in boru demetlerini g\u00fcvenli ve kolay &#8230; <\/p>\n","protected":false},"featured_media":2221,"comment_status":"open","ping_status":"closed","template":"","meta":[],"product_brand":[],"product_cat":[122],"product_tag":[],"class_list":{"0":"post-2479","1":"product","2":"type-product","3":"status-publish","4":"has-post-thumbnail","6":"product_cat-yeniden-borulama-ekipmanlari","8":"first","9":"instock","10":"shipping-taxable","11":"product-type-simple"},"yoast_head":"<!-- This site is optimized with the Yoast SEO Premium plugin v21.7 (Yoast SEO v27.0) - https:\/\/yoast.com\/product\/yoast-seo-premium-wordpress\/ -->\n<title>Tube Bundle Lifter - Fineman | Tube bundle lifting machine<\/title>\n<meta name=\"description\" content=\"Tube bundle lifter is a device designed to lift and handle tube bundles for industrial applications. Contact Us: +905313728033\" \/>\n<meta name=\"robots\" content=\"index, follow, max-snippet:-1, max-image-preview:large, max-video-preview:-1\" \/>\n<link rel=\"canonical\" href=\"https:\/\/finemancorp.com\/tr\/urun\/tube-bundle-lifter\/\" \/>\n<meta property=\"og:locale\" content=\"tr_TR\" \/>\n<meta property=\"og:type\" content=\"article\" \/>\n<meta property=\"og:title\" content=\"Tube Bundle Lifter\" \/>\n<meta property=\"og:description\" content=\"Tube bundle lifter is a device designed to lift and handle tube bundles for industrial applications. Contact Us: +905313728033\" \/>\n<meta property=\"og:url\" content=\"https:\/\/finemancorp.com\/tr\/urun\/tube-bundle-lifter\/\" \/>\n<meta property=\"og:site_name\" content=\"Fineman\" \/>\n<meta property=\"article:modified_time\" content=\"2025-11-26T11:47:05+00:00\" \/>\n<meta property=\"og:image\" content=\"https:\/\/finemancorp.com\/wp-content\/uploads\/2024\/01\/lifter-fm.png\" \/>\n\t<meta property=\"og:image:width\" content=\"360\" \/>\n\t<meta property=\"og:image:height\" content=\"330\" \/>\n\t<meta property=\"og:image:type\" content=\"image\/png\" \/>\n<meta name=\"twitter:card\" content=\"summary_large_image\" \/>\n<meta name=\"twitter:label1\" content=\"Tahmini okuma s\u00fcresi\" \/>\n\t<meta name=\"twitter:data1\" content=\"1 dakika\" \/>\n<script type=\"application\/ld+json\" class=\"yoast-schema-graph\">{\"@context\":\"https:\/\/schema.org\",\"@graph\":[{\"@type\":\"WebPage\",\"@id\":\"https:\/\/finemancorp.com\/tr\/urun\/tube-bundle-lifter\/\",\"url\":\"https:\/\/finemancorp.com\/tr\/urun\/tube-bundle-lifter\/\",\"name\":\"Tube Bundle Lifter - Fineman | Tube bundle lifting machine\",\"isPartOf\":{\"@id\":\"https:\/\/finemancorp.com\/tr\/#website\"},\"primaryImageOfPage\":{\"@id\":\"https:\/\/finemancorp.com\/tr\/urun\/tube-bundle-lifter\/#primaryimage\"},\"image\":{\"@id\":\"https:\/\/finemancorp.com\/tr\/urun\/tube-bundle-lifter\/#primaryimage\"},\"thumbnailUrl\":\"https:\/\/finemancorp.com\/wp-content\/uploads\/2024\/01\/lifter-fm.png\",\"datePublished\":\"2024-01-29T09:52:08+00:00\",\"dateModified\":\"2025-11-26T11:47:05+00:00\",\"description\":\"Tube bundle lifter is a device designed to lift and handle tube bundles for industrial applications. Contact Us: +905313728033\",\"breadcrumb\":{\"@id\":\"https:\/\/finemancorp.com\/tr\/urun\/tube-bundle-lifter\/#breadcrumb\"},\"inLanguage\":\"tr\",\"potentialAction\":[{\"@type\":\"ReadAction\",\"target\":[\"https:\/\/finemancorp.com\/tr\/urun\/tube-bundle-lifter\/\"]}]},{\"@type\":\"ImageObject\",\"inLanguage\":\"tr\",\"@id\":\"https:\/\/finemancorp.com\/tr\/urun\/tube-bundle-lifter\/#primaryimage\",\"url\":\"https:\/\/finemancorp.com\/wp-content\/uploads\/2024\/01\/lifter-fm.png\",\"contentUrl\":\"https:\/\/finemancorp.com\/wp-content\/uploads\/2024\/01\/lifter-fm.png\",\"width\":360,\"height\":330,\"caption\":\"tube bundle lifter\"},{\"@type\":\"BreadcrumbList\",\"@id\":\"https:\/\/finemancorp.com\/tr\/urun\/tube-bundle-lifter\/#breadcrumb\",\"itemListElement\":[{\"@type\":\"ListItem\",\"position\":1,\"name\":\"Home\",\"item\":\"https:\/\/finemancorp.com\/tr\/\"},{\"@type\":\"ListItem\",\"position\":2,\"name\":\"Product\",\"item\":\"https:\/\/finemancorp.com\/product\/\"},{\"@type\":\"ListItem\",\"position\":3,\"name\":\"Tube Bundle Lifter\"}]},{\"@type\":\"WebSite\",\"@id\":\"https:\/\/finemancorp.com\/tr\/#website\",\"url\":\"https:\/\/finemancorp.com\/tr\/\",\"name\":\"Fineman\",\"description\":\"Fineman company is Designer and manufacturer of all kinds of hydraulic and pneumatic parts and equipments\",\"potentialAction\":[{\"@type\":\"SearchAction\",\"target\":{\"@type\":\"EntryPoint\",\"urlTemplate\":\"https:\/\/finemancorp.com\/tr\/?s={search_term_string}\"},\"query-input\":{\"@type\":\"PropertyValueSpecification\",\"valueRequired\":true,\"valueName\":\"search_term_string\"}}],\"inLanguage\":\"tr\"}]}<\/script>\n<!-- \/ Yoast SEO Premium plugin. -->","yoast_head_json":{"title":"Tube Bundle Lifter - Fineman | Tube bundle lifting machine","description":"Tube bundle lifter is a device designed to lift and handle tube bundles for industrial applications. Contact Us: +905313728033","robots":{"index":"index","follow":"follow","max-snippet":"max-snippet:-1","max-image-preview":"max-image-preview:large","max-video-preview":"max-video-preview:-1"},"canonical":"https:\/\/finemancorp.com\/tr\/urun\/tube-bundle-lifter\/","og_locale":"tr_TR","og_type":"article","og_title":"Tube Bundle Lifter","og_description":"Tube bundle lifter is a device designed to lift and handle tube bundles for industrial applications. Contact Us: +905313728033","og_url":"https:\/\/finemancorp.com\/tr\/urun\/tube-bundle-lifter\/","og_site_name":"Fineman","article_modified_time":"2025-11-26T11:47:05+00:00","og_image":[{"width":360,"height":330,"url":"https:\/\/finemancorp.com\/wp-content\/uploads\/2024\/01\/lifter-fm.png","type":"image\/png"}],"twitter_card":"summary_large_image","twitter_misc":{"Tahmini okuma s\u00fcresi":"1 dakika"},"schema":{"@context":"https:\/\/schema.org","@graph":[{"@type":"WebPage","@id":"https:\/\/finemancorp.com\/tr\/urun\/tube-bundle-lifter\/","url":"https:\/\/finemancorp.com\/tr\/urun\/tube-bundle-lifter\/","name":"Tube Bundle Lifter - Fineman | Tube bundle lifting machine","isPartOf":{"@id":"https:\/\/finemancorp.com\/tr\/#website"},"primaryImageOfPage":{"@id":"https:\/\/finemancorp.com\/tr\/urun\/tube-bundle-lifter\/#primaryimage"},"image":{"@id":"https:\/\/finemancorp.com\/tr\/urun\/tube-bundle-lifter\/#primaryimage"},"thumbnailUrl":"https:\/\/finemancorp.com\/wp-content\/uploads\/2024\/01\/lifter-fm.png","datePublished":"2024-01-29T09:52:08+00:00","dateModified":"2025-11-26T11:47:05+00:00","description":"Tube bundle lifter is a device designed to lift and handle tube bundles for industrial applications. Contact Us: +905313728033","breadcrumb":{"@id":"https:\/\/finemancorp.com\/tr\/urun\/tube-bundle-lifter\/#breadcrumb"},"inLanguage":"tr","potentialAction":[{"@type":"ReadAction","target":["https:\/\/finemancorp.com\/tr\/urun\/tube-bundle-lifter\/"]}]},{"@type":"ImageObject","inLanguage":"tr","@id":"https:\/\/finemancorp.com\/tr\/urun\/tube-bundle-lifter\/#primaryimage","url":"https:\/\/finemancorp.com\/wp-content\/uploads\/2024\/01\/lifter-fm.png","contentUrl":"https:\/\/finemancorp.com\/wp-content\/uploads\/2024\/01\/lifter-fm.png","width":360,"height":330,"caption":"tube bundle lifter"},{"@type":"BreadcrumbList","@id":"https:\/\/finemancorp.com\/tr\/urun\/tube-bundle-lifter\/#breadcrumb","itemListElement":[{"@type":"ListItem","position":1,"name":"Home","item":"https:\/\/finemancorp.com\/tr\/"},{"@type":"ListItem","position":2,"name":"Product","item":"https:\/\/finemancorp.com\/product\/"},{"@type":"ListItem","position":3,"name":"Tube Bundle Lifter"}]},{"@type":"WebSite","@id":"https:\/\/finemancorp.com\/tr\/#website","url":"https:\/\/finemancorp.com\/tr\/","name":"Fineman","description":"Fineman company is Designer and manufacturer of all kinds of hydraulic and pneumatic parts and equipments","potentialAction":[{"@type":"SearchAction","target":{"@type":"EntryPoint","urlTemplate":"https:\/\/finemancorp.com\/tr\/?s={search_term_string}"},"query-input":{"@type":"PropertyValueSpecification","valueRequired":true,"valueName":"search_term_string"}}],"inLanguage":"tr"}]}},"_links":{"self":[{"href":"https:\/\/finemancorp.com\/tr\/wp-json\/wp\/v2\/product\/2479","targetHints":{"allow":["GET"]}}],"collection":[{"href":"https:\/\/finemancorp.com\/tr\/wp-json\/wp\/v2\/product"}],"about":[{"href":"https:\/\/finemancorp.com\/tr\/wp-json\/wp\/v2\/types\/product"}],"replies":[{"embeddable":true,"href":"https:\/\/finemancorp.com\/tr\/wp-json\/wp\/v2\/comments?post=2479"}],"wp:featuredmedia":[{"embeddable":true,"href":"https:\/\/finemancorp.com\/tr\/wp-json\/wp\/v2\/media\/2221"}],"wp:attachment":[{"href":"https:\/\/finemancorp.com\/tr\/wp-json\/wp\/v2\/media?parent=2479"}],"wp:term":[{"taxonomy":"product_brand","embeddable":true,"href":"https:\/\/finemancorp.com\/tr\/wp-json\/wp\/v2\/product_brand?post=2479"},{"taxonomy":"product_cat","embeddable":true,"href":"https:\/\/finemancorp.com\/tr\/wp-json\/wp\/v2\/product_cat?post=2479"},{"taxonomy":"product_tag","embeddable":true,"href":"https:\/\/finemancorp.com\/tr\/wp-json\/wp\/v2\/product_tag?post=2479"}],"curies":[{"name":"wp","href":"https:\/\/api.w.org\/{rel}","templated":true}]}}