{"id":2484,"date":"2024-01-30T09:00:08","date_gmt":"2024-01-30T06:00:08","guid":{"rendered":"https:\/\/finemancorp.com\/product\/grippul\/"},"modified":"2025-11-26T14:31:42","modified_gmt":"2025-11-26T11:31:42","slug":"grippul","status":"publish","type":"product","link":"https:\/\/finemancorp.com\/tr\/urun\/grippul\/","title":{"rendered":"Grippul"},"content":{"rendered":"<p>Grippul\/Ekleme hidrolik saplama \u00e7ektirmesi, borular\u0131 \u00e7ekmeye y\u00f6nelik \u00f6zel bir cihazd\u0131r. Bu cihaz \u00f6zellikle U tipi \u0131s\u0131 e\u015fanj\u00f6rlerinin yeniden t\u00fcplenmesinde kullan\u0131\u015fl\u0131d\u0131r.<\/p>\n<p>Is\u0131 de\u011fi\u015ftiricilerde U tipi\/d\u00fcz boru demetleri ile \u00e7al\u0131\u015f\u0131rken \u00e7\u00f6kelmenin zorluklar\u0131n\u0131 anlamak \u00f6nemlidir. Ya\u011f\u0131\u015f, e\u015fanj\u00f6r t\u00fcplerinde t\u00fcp\u00fcn t\u0131kanmas\u0131na yol a\u00e7abilecek istenmeyen malzemelerin birikmesi anlam\u0131na gelir. Verimlili\u011fi \u00f6nemli \u00f6l\u00e7\u00fcde azaltma potansiyeline sahiptir. Bu sorunla kar\u015f\u0131la\u015f\u0131ld\u0131\u011f\u0131nda Grippul kullan\u0131labilir.<\/p>\n<h2>Grippul kullanarak yeniden t\u00fcp takma ad\u0131mlar\u0131:<\/h2>\n<ol>\n<li>Boru levhas\u0131na ba\u011fl\u0131 borunun ucunu kesmek i\u00e7in bir boru kesici kullanma.<\/li>\n<li>Grippul&#8217;u kalan t\u00fcpe yerle\u015ftirme. Bu ba\u011flant\u0131, t\u00fcp\u00fcn tamamen d\u0131\u015far\u0131 \u00e7\u0131kmas\u0131n\u0131 sa\u011flamak i\u00e7in g\u00fcvenlidir.<\/li>\n<li>\u00c7ekti\u011finiz t\u00fcp\u00fc at\u0131n ve i\u015flemi tamamlamak i\u00e7in ba\u015fka bir t\u00fcpe tak\u0131n.<\/li>\n<\/ol>\n<p>&nbsp;<\/p>\n<p>Borunun ucunun kesilmesi ve Grippul cihaz\u0131n\u0131n kullan\u0131lmas\u0131yla bak\u0131m s\u00fcreci daha h\u0131zl\u0131 ve kolay hale gelir.<\/p>\n<p>&nbsp;<\/p>\n<h3 style=\"text-align: left;\">Cihaz\u0131 kullanman\u0131n avantajlar\u0131:<\/h3>\n<ul>\n<li>Verimlili\u011fi art\u0131rmak<\/li>\n<li>Kullan\u0131m kolayl\u0131\u011f\u0131<\/li>\n<li>Emniyet<\/li>\n<li>Sa\u011flam yap\u0131<\/li>\n<li>\u00d6zelle\u015ftirilebilir<\/li>\n<\/ul>\n","protected":false},"excerpt":{"rendered":"<h2><strong>GRIPPUL\/<\/strong><strong>Hidrolik<\/strong><strong>\u00a0saplama \u00e7ekicinin tak\u0131lmas\u0131:<\/strong><\/h2>\n<p>Grippul\/Ekleme hidrolik saplama \u00e7ektirmesi, borular\u0131 \u00e7ekmeye y\u00f6nelik \u00f6zel bir &#8230; <\/p>\n","protected":false},"featured_media":2212,"comment_status":"open","ping_status":"closed","template":"","meta":[],"product_brand":[],"product_cat":[122],"product_tag":[],"class_list":{"0":"post-2484","1":"product","2":"type-product","3":"status-publish","4":"has-post-thumbnail","6":"product_cat-yeniden-borulama-ekipmanlari","8":"first","9":"instock","10":"shipping-taxable","11":"product-type-simple"},"yoast_head":"<!-- This site is optimized with the Yoast SEO Premium plugin v21.7 (Yoast SEO v27.0) - https:\/\/yoast.com\/product\/yoast-seo-premium-wordpress\/ -->\n<title>Grippul - Fineman - Attaching hydraulic stub puller- Tube Puller<\/title>\n<meta name=\"description\" content=\"Grippul borular\u0131 \u00e7ekmeye y\u00f6nelik \u00f6zel bir cihazd\u0131r. Bu cihaz \u00f6zellikle U tipi \u0131s\u0131 e\u015fanj\u00f6rlerinin yeniden t\u00fcplenmesinde kullan\u0131\u015fl\u0131d\u0131r.\" \/>\n<meta name=\"robots\" content=\"index, follow, max-snippet:-1, max-image-preview:large, max-video-preview:-1\" \/>\n<link rel=\"canonical\" href=\"https:\/\/finemancorp.com\/tr\/urun\/grippul\/\" \/>\n<meta property=\"og:locale\" content=\"tr_TR\" \/>\n<meta property=\"og:type\" content=\"article\" \/>\n<meta property=\"og:title\" content=\"Grippul\" \/>\n<meta property=\"og:description\" content=\"Grippul borular\u0131 \u00e7ekmeye y\u00f6nelik \u00f6zel bir cihazd\u0131r. Bu cihaz \u00f6zellikle U tipi \u0131s\u0131 e\u015fanj\u00f6rlerinin yeniden t\u00fcplenmesinde kullan\u0131\u015fl\u0131d\u0131r.\" \/>\n<meta property=\"og:url\" content=\"https:\/\/finemancorp.com\/tr\/urun\/grippul\/\" \/>\n<meta property=\"og:site_name\" content=\"Fineman\" \/>\n<meta property=\"article:modified_time\" content=\"2025-11-26T11:31:42+00:00\" \/>\n<meta property=\"og:image\" content=\"https:\/\/finemancorp.com\/wp-content\/uploads\/2024\/01\/grippul-fm-683x1024.png\" \/>\n\t<meta property=\"og:image:width\" content=\"683\" \/>\n\t<meta property=\"og:image:height\" content=\"1024\" \/>\n\t<meta property=\"og:image:type\" content=\"image\/png\" \/>\n<meta name=\"twitter:card\" content=\"summary_large_image\" \/>\n<meta name=\"twitter:label1\" content=\"Tahmini okuma s\u00fcresi\" \/>\n\t<meta name=\"twitter:data1\" content=\"1 dakika\" \/>\n<script type=\"application\/ld+json\" class=\"yoast-schema-graph\">{\"@context\":\"https:\/\/schema.org\",\"@graph\":[{\"@type\":\"WebPage\",\"@id\":\"https:\/\/finemancorp.com\/tr\/urun\/grippul\/\",\"url\":\"https:\/\/finemancorp.com\/tr\/urun\/grippul\/\",\"name\":\"Grippul - Fineman - Attaching hydraulic stub puller- Tube Puller\",\"isPartOf\":{\"@id\":\"https:\/\/finemancorp.com\/tr\/#website\"},\"primaryImageOfPage\":{\"@id\":\"https:\/\/finemancorp.com\/tr\/urun\/grippul\/#primaryimage\"},\"image\":{\"@id\":\"https:\/\/finemancorp.com\/tr\/urun\/grippul\/#primaryimage\"},\"thumbnailUrl\":\"https:\/\/finemancorp.com\/wp-content\/uploads\/2024\/01\/grippul-fm.png\",\"datePublished\":\"2024-01-30T06:00:08+00:00\",\"dateModified\":\"2025-11-26T11:31:42+00:00\",\"description\":\"Grippul borular\u0131 \u00e7ekmeye y\u00f6nelik \u00f6zel bir cihazd\u0131r. Bu cihaz \u00f6zellikle U tipi \u0131s\u0131 e\u015fanj\u00f6rlerinin yeniden t\u00fcplenmesinde kullan\u0131\u015fl\u0131d\u0131r.\",\"breadcrumb\":{\"@id\":\"https:\/\/finemancorp.com\/tr\/urun\/grippul\/#breadcrumb\"},\"inLanguage\":\"tr\",\"potentialAction\":[{\"@type\":\"ReadAction\",\"target\":[\"https:\/\/finemancorp.com\/tr\/urun\/grippul\/\"]}]},{\"@type\":\"ImageObject\",\"inLanguage\":\"tr\",\"@id\":\"https:\/\/finemancorp.com\/tr\/urun\/grippul\/#primaryimage\",\"url\":\"https:\/\/finemancorp.com\/wp-content\/uploads\/2024\/01\/grippul-fm.png\",\"contentUrl\":\"https:\/\/finemancorp.com\/wp-content\/uploads\/2024\/01\/grippul-fm.png\",\"width\":3456,\"height\":5184,\"caption\":\"Grippul\"},{\"@type\":\"BreadcrumbList\",\"@id\":\"https:\/\/finemancorp.com\/tr\/urun\/grippul\/#breadcrumb\",\"itemListElement\":[{\"@type\":\"ListItem\",\"position\":1,\"name\":\"Home\",\"item\":\"https:\/\/finemancorp.com\/tr\/\"},{\"@type\":\"ListItem\",\"position\":2,\"name\":\"Product\",\"item\":\"https:\/\/finemancorp.com\/product\/\"},{\"@type\":\"ListItem\",\"position\":3,\"name\":\"Grippul\"}]},{\"@type\":\"WebSite\",\"@id\":\"https:\/\/finemancorp.com\/tr\/#website\",\"url\":\"https:\/\/finemancorp.com\/tr\/\",\"name\":\"Fineman\",\"description\":\"Fineman company is Designer and manufacturer of all kinds of hydraulic and pneumatic parts and equipments\",\"potentialAction\":[{\"@type\":\"SearchAction\",\"target\":{\"@type\":\"EntryPoint\",\"urlTemplate\":\"https:\/\/finemancorp.com\/tr\/?s={search_term_string}\"},\"query-input\":{\"@type\":\"PropertyValueSpecification\",\"valueRequired\":true,\"valueName\":\"search_term_string\"}}],\"inLanguage\":\"tr\"}]}<\/script>\n<!-- \/ Yoast SEO Premium plugin. -->","yoast_head_json":{"title":"Grippul - Fineman - Attaching hydraulic stub puller- Tube Puller","description":"Grippul borular\u0131 \u00e7ekmeye y\u00f6nelik \u00f6zel bir cihazd\u0131r. Bu cihaz \u00f6zellikle U tipi \u0131s\u0131 e\u015fanj\u00f6rlerinin yeniden t\u00fcplenmesinde kullan\u0131\u015fl\u0131d\u0131r.","robots":{"index":"index","follow":"follow","max-snippet":"max-snippet:-1","max-image-preview":"max-image-preview:large","max-video-preview":"max-video-preview:-1"},"canonical":"https:\/\/finemancorp.com\/tr\/urun\/grippul\/","og_locale":"tr_TR","og_type":"article","og_title":"Grippul","og_description":"Grippul borular\u0131 \u00e7ekmeye y\u00f6nelik \u00f6zel bir cihazd\u0131r. Bu cihaz \u00f6zellikle U tipi \u0131s\u0131 e\u015fanj\u00f6rlerinin yeniden t\u00fcplenmesinde kullan\u0131\u015fl\u0131d\u0131r.","og_url":"https:\/\/finemancorp.com\/tr\/urun\/grippul\/","og_site_name":"Fineman","article_modified_time":"2025-11-26T11:31:42+00:00","og_image":[{"width":683,"height":1024,"url":"https:\/\/finemancorp.com\/wp-content\/uploads\/2024\/01\/grippul-fm-683x1024.png","type":"image\/png"}],"twitter_card":"summary_large_image","twitter_misc":{"Tahmini okuma s\u00fcresi":"1 dakika"},"schema":{"@context":"https:\/\/schema.org","@graph":[{"@type":"WebPage","@id":"https:\/\/finemancorp.com\/tr\/urun\/grippul\/","url":"https:\/\/finemancorp.com\/tr\/urun\/grippul\/","name":"Grippul - Fineman - Attaching hydraulic stub puller- Tube Puller","isPartOf":{"@id":"https:\/\/finemancorp.com\/tr\/#website"},"primaryImageOfPage":{"@id":"https:\/\/finemancorp.com\/tr\/urun\/grippul\/#primaryimage"},"image":{"@id":"https:\/\/finemancorp.com\/tr\/urun\/grippul\/#primaryimage"},"thumbnailUrl":"https:\/\/finemancorp.com\/wp-content\/uploads\/2024\/01\/grippul-fm.png","datePublished":"2024-01-30T06:00:08+00:00","dateModified":"2025-11-26T11:31:42+00:00","description":"Grippul borular\u0131 \u00e7ekmeye y\u00f6nelik \u00f6zel bir cihazd\u0131r. Bu cihaz \u00f6zellikle U tipi \u0131s\u0131 e\u015fanj\u00f6rlerinin yeniden t\u00fcplenmesinde kullan\u0131\u015fl\u0131d\u0131r.","breadcrumb":{"@id":"https:\/\/finemancorp.com\/tr\/urun\/grippul\/#breadcrumb"},"inLanguage":"tr","potentialAction":[{"@type":"ReadAction","target":["https:\/\/finemancorp.com\/tr\/urun\/grippul\/"]}]},{"@type":"ImageObject","inLanguage":"tr","@id":"https:\/\/finemancorp.com\/tr\/urun\/grippul\/#primaryimage","url":"https:\/\/finemancorp.com\/wp-content\/uploads\/2024\/01\/grippul-fm.png","contentUrl":"https:\/\/finemancorp.com\/wp-content\/uploads\/2024\/01\/grippul-fm.png","width":3456,"height":5184,"caption":"Grippul"},{"@type":"BreadcrumbList","@id":"https:\/\/finemancorp.com\/tr\/urun\/grippul\/#breadcrumb","itemListElement":[{"@type":"ListItem","position":1,"name":"Home","item":"https:\/\/finemancorp.com\/tr\/"},{"@type":"ListItem","position":2,"name":"Product","item":"https:\/\/finemancorp.com\/product\/"},{"@type":"ListItem","position":3,"name":"Grippul"}]},{"@type":"WebSite","@id":"https:\/\/finemancorp.com\/tr\/#website","url":"https:\/\/finemancorp.com\/tr\/","name":"Fineman","description":"Fineman company is Designer and manufacturer of all kinds of hydraulic and pneumatic parts and equipments","potentialAction":[{"@type":"SearchAction","target":{"@type":"EntryPoint","urlTemplate":"https:\/\/finemancorp.com\/tr\/?s={search_term_string}"},"query-input":{"@type":"PropertyValueSpecification","valueRequired":true,"valueName":"search_term_string"}}],"inLanguage":"tr"}]}},"_links":{"self":[{"href":"https:\/\/finemancorp.com\/tr\/wp-json\/wp\/v2\/product\/2484","targetHints":{"allow":["GET"]}}],"collection":[{"href":"https:\/\/finemancorp.com\/tr\/wp-json\/wp\/v2\/product"}],"about":[{"href":"https:\/\/finemancorp.com\/tr\/wp-json\/wp\/v2\/types\/product"}],"replies":[{"embeddable":true,"href":"https:\/\/finemancorp.com\/tr\/wp-json\/wp\/v2\/comments?post=2484"}],"wp:featuredmedia":[{"embeddable":true,"href":"https:\/\/finemancorp.com\/tr\/wp-json\/wp\/v2\/media\/2212"}],"wp:attachment":[{"href":"https:\/\/finemancorp.com\/tr\/wp-json\/wp\/v2\/media?parent=2484"}],"wp:term":[{"taxonomy":"product_brand","embeddable":true,"href":"https:\/\/finemancorp.com\/tr\/wp-json\/wp\/v2\/product_brand?post=2484"},{"taxonomy":"product_cat","embeddable":true,"href":"https:\/\/finemancorp.com\/tr\/wp-json\/wp\/v2\/product_cat?post=2484"},{"taxonomy":"product_tag","embeddable":true,"href":"https:\/\/finemancorp.com\/tr\/wp-json\/wp\/v2\/product_tag?post=2484"}],"curies":[{"name":"wp","href":"https:\/\/api.w.org\/{rel}","templated":true}]}}