{"id":2502,"date":"2024-06-01T11:32:47","date_gmt":"2024-06-01T08:32:47","guid":{"rendered":"https:\/\/finemancorp.com\/product\/automatic-tube-puller\/"},"modified":"2025-11-26T14:45:16","modified_gmt":"2025-11-26T11:45:16","slug":"automatic-tube-puller","status":"publish","type":"product","link":"https:\/\/finemancorp.com\/tr\/urun\/automatic-tube-puller\/","title":{"rendered":"Automatic Tube Puller"},"content":{"rendered":"<h2><strong>Automatic tube puller<\/strong><\/h2>\n<p>Automatic tube pullerler, borular\u0131 \u0131s\u0131 e\u015fanj\u00f6rlerinden, kazanlardan veya kondansat\u00f6rlerden \u00e7\u0131karmak i\u00e7in kullan\u0131lan \u00f6zel cihazlard\u0131r. Is\u0131 e\u015fanj\u00f6r\u00fc, kazan veya kondansat\u00f6r\u00fcn borular\u0131 birka\u00e7 y\u0131ld\u0131r kullan\u0131ld\u0131\u011f\u0131nda veya s\u0131z\u0131nt\u0131 yapmaya ba\u015flad\u0131\u011f\u0131nda, sonu\u00e7 genel verimlili\u011fin d\u00fc\u015fmesidir.<\/p>\n<p>Bu nedenle hasar g\u00f6rm\u00fc\u015f veya \u00e7\u00f6km\u00fc\u015f t\u00fcplerin Automatic tube pullerler ile \u00e7\u0131kar\u0131lmas\u0131 gerekir.<\/p>\n<p>\u00c7ekme i\u015flemi i\u00e7in bak\u0131m operat\u00f6r\u00fc, hidrolik g\u00fc\u00e7 kayna\u011f\u0131n\u0131 ba\u011flayarak Otomatik boru \u00e7ekiciyi haz\u0131rlar ve bunu \u00f6zel boruya konumland\u0131r\u0131r. Bu stabilizasyonun kesinli\u011fi ve g\u00fcvenli\u011fi \u00f6nemlidir. \u00c7ektirmeyi borunun i\u00e7ine yerle\u015ftirdikten sonra cihaz, borunun i\u00e7ine s\u0131k\u0131ca oturan ve boruyu kavrayan ve ard\u0131ndan boruyu boru tabakas\u0131ndan d\u0131\u015far\u0131 \u00e7eken geni\u015fletilebilir \u00e7eneler kullan\u0131r.<\/p>\n<p>Bir hidrolik pompa, Automatic tube puller \u00e7ekiciye g\u00fc\u00e7 sa\u011flamak i\u00e7in gerekli bas\u0131nc\u0131 \u00fcretecektir. Bu hidrolik bas\u0131n\u00e7, tabancay\u0131 boruyu boru tabakas\u0131ndan d\u0131\u015far\u0131 \u00e7ekmeye zorlar. T\u00fcp tamamen \u00e7\u0131kar\u0131ld\u0131ktan sonra, \u00e7\u0131kar\u0131lan t\u00fcp inceleme veya imha i\u00e7in bir kenara b\u0131rak\u0131l\u0131r. Bu s\u00fcre\u00e7 otomatik olarak devam edecektir.<\/p>\n<p>&nbsp;<\/p>\n<h3><strong>Automatic tube puller<\/strong><strong>\u00a0Avantajlar\u0131:<\/strong><\/h3>\n<ul>\n<li>Do\u011fru performans<\/li>\n<li>Y\u00fcksek verim<\/li>\n<li>Ar\u0131za s\u00fcresini azalt\u0131n<\/li>\n<li>S\u00fcrekli y\u00fcksek h\u0131zl\u0131 t\u00fcp \u00e7\u0131karma<\/li>\n<li>Hem elektrikli hem de pn\u00f6matik tahrikli olarak mevcuttur<\/li>\n<\/ul>\n","protected":false},"excerpt":{"rendered":"<p>Automatic tube pullerler, borular\u0131 \u0131s\u0131 e\u015fanj\u00f6rlerinden, kazanlardan veya kondansat\u00f6rlerden \u00e7\u0131karmak i\u00e7in &#8230; <\/p>\n","protected":false},"featured_media":2573,"comment_status":"open","ping_status":"closed","template":"","meta":[],"product_brand":[],"product_cat":[122],"product_tag":[],"class_list":{"0":"post-2502","1":"product","2":"type-product","3":"status-publish","4":"has-post-thumbnail","6":"product_cat-yeniden-borulama-ekipmanlari","8":"first","9":"instock","10":"shipping-taxable","11":"product-type-simple"},"yoast_head":"<!-- This site is optimized with the Yoast SEO Premium plugin v21.7 (Yoast SEO v27.0) - https:\/\/yoast.com\/product\/yoast-seo-premium-wordpress\/ -->\n<title>Automatic Tube Puller - Fineman<\/title>\n<meta name=\"description\" content=\"Automatic tube pullerler, borular\u0131 \u0131s\u0131 e\u015fanj\u00f6rlerinden, kazanlardan veya kondansat\u00f6rlerden \u00e7\u0131karmak i\u00e7in kullan\u0131lan \u00f6zel cihazlard\u0131r.\" \/>\n<meta name=\"robots\" content=\"index, follow, max-snippet:-1, max-image-preview:large, max-video-preview:-1\" \/>\n<link rel=\"canonical\" href=\"https:\/\/finemancorp.com\/tr\/urun\/automatic-tube-puller\/\" \/>\n<meta property=\"og:locale\" content=\"tr_TR\" \/>\n<meta property=\"og:type\" content=\"article\" \/>\n<meta property=\"og:title\" content=\"Automatic Tube Puller\" \/>\n<meta property=\"og:description\" content=\"Automatic tube pullerler, borular\u0131 \u0131s\u0131 e\u015fanj\u00f6rlerinden, kazanlardan veya kondansat\u00f6rlerden \u00e7\u0131karmak i\u00e7in kullan\u0131lan \u00f6zel cihazlard\u0131r.\" \/>\n<meta property=\"og:url\" content=\"https:\/\/finemancorp.com\/tr\/urun\/automatic-tube-puller\/\" \/>\n<meta property=\"og:site_name\" content=\"Fineman\" \/>\n<meta property=\"article:modified_time\" content=\"2025-11-26T11:45:16+00:00\" \/>\n<meta property=\"og:image\" content=\"https:\/\/finemancorp.com\/wp-content\/uploads\/2024\/06\/tube-puller.png\" \/>\n\t<meta property=\"og:image:width\" content=\"450\" \/>\n\t<meta property=\"og:image:height\" content=\"300\" \/>\n\t<meta property=\"og:image:type\" content=\"image\/png\" \/>\n<meta name=\"twitter:card\" content=\"summary_large_image\" \/>\n<meta name=\"twitter:label1\" content=\"Tahmini okuma s\u00fcresi\" \/>\n\t<meta name=\"twitter:data1\" content=\"1 dakika\" \/>\n<script type=\"application\/ld+json\" class=\"yoast-schema-graph\">{\"@context\":\"https:\/\/schema.org\",\"@graph\":[{\"@type\":\"WebPage\",\"@id\":\"https:\/\/finemancorp.com\/tr\/urun\/automatic-tube-puller\/\",\"url\":\"https:\/\/finemancorp.com\/tr\/urun\/automatic-tube-puller\/\",\"name\":\"Automatic Tube Puller - Fineman\",\"isPartOf\":{\"@id\":\"https:\/\/finemancorp.com\/tr\/#website\"},\"primaryImageOfPage\":{\"@id\":\"https:\/\/finemancorp.com\/tr\/urun\/automatic-tube-puller\/#primaryimage\"},\"image\":{\"@id\":\"https:\/\/finemancorp.com\/tr\/urun\/automatic-tube-puller\/#primaryimage\"},\"thumbnailUrl\":\"https:\/\/finemancorp.com\/wp-content\/uploads\/2024\/06\/tube-puller.png\",\"datePublished\":\"2024-06-01T08:32:47+00:00\",\"dateModified\":\"2025-11-26T11:45:16+00:00\",\"description\":\"Automatic tube pullerler, borular\u0131 \u0131s\u0131 e\u015fanj\u00f6rlerinden, kazanlardan veya kondansat\u00f6rlerden \u00e7\u0131karmak i\u00e7in kullan\u0131lan \u00f6zel cihazlard\u0131r.\",\"breadcrumb\":{\"@id\":\"https:\/\/finemancorp.com\/tr\/urun\/automatic-tube-puller\/#breadcrumb\"},\"inLanguage\":\"tr\",\"potentialAction\":[{\"@type\":\"ReadAction\",\"target\":[\"https:\/\/finemancorp.com\/tr\/urun\/automatic-tube-puller\/\"]}]},{\"@type\":\"ImageObject\",\"inLanguage\":\"tr\",\"@id\":\"https:\/\/finemancorp.com\/tr\/urun\/automatic-tube-puller\/#primaryimage\",\"url\":\"https:\/\/finemancorp.com\/wp-content\/uploads\/2024\/06\/tube-puller.png\",\"contentUrl\":\"https:\/\/finemancorp.com\/wp-content\/uploads\/2024\/06\/tube-puller.png\",\"width\":450,\"height\":300,\"caption\":\"Automatic Tube Puller\"},{\"@type\":\"BreadcrumbList\",\"@id\":\"https:\/\/finemancorp.com\/tr\/urun\/automatic-tube-puller\/#breadcrumb\",\"itemListElement\":[{\"@type\":\"ListItem\",\"position\":1,\"name\":\"Home\",\"item\":\"https:\/\/finemancorp.com\/tr\/\"},{\"@type\":\"ListItem\",\"position\":2,\"name\":\"Product\",\"item\":\"https:\/\/finemancorp.com\/product\/\"},{\"@type\":\"ListItem\",\"position\":3,\"name\":\"Automatic Tube Puller\"}]},{\"@type\":\"WebSite\",\"@id\":\"https:\/\/finemancorp.com\/tr\/#website\",\"url\":\"https:\/\/finemancorp.com\/tr\/\",\"name\":\"Fineman\",\"description\":\"Fineman company is Designer and manufacturer of all kinds of hydraulic and pneumatic parts and equipments\",\"potentialAction\":[{\"@type\":\"SearchAction\",\"target\":{\"@type\":\"EntryPoint\",\"urlTemplate\":\"https:\/\/finemancorp.com\/tr\/?s={search_term_string}\"},\"query-input\":{\"@type\":\"PropertyValueSpecification\",\"valueRequired\":true,\"valueName\":\"search_term_string\"}}],\"inLanguage\":\"tr\"}]}<\/script>\n<!-- \/ Yoast SEO Premium plugin. -->","yoast_head_json":{"title":"Automatic Tube Puller - Fineman","description":"Automatic tube pullerler, borular\u0131 \u0131s\u0131 e\u015fanj\u00f6rlerinden, kazanlardan veya kondansat\u00f6rlerden \u00e7\u0131karmak i\u00e7in kullan\u0131lan \u00f6zel cihazlard\u0131r.","robots":{"index":"index","follow":"follow","max-snippet":"max-snippet:-1","max-image-preview":"max-image-preview:large","max-video-preview":"max-video-preview:-1"},"canonical":"https:\/\/finemancorp.com\/tr\/urun\/automatic-tube-puller\/","og_locale":"tr_TR","og_type":"article","og_title":"Automatic Tube Puller","og_description":"Automatic tube pullerler, borular\u0131 \u0131s\u0131 e\u015fanj\u00f6rlerinden, kazanlardan veya kondansat\u00f6rlerden \u00e7\u0131karmak i\u00e7in kullan\u0131lan \u00f6zel cihazlard\u0131r.","og_url":"https:\/\/finemancorp.com\/tr\/urun\/automatic-tube-puller\/","og_site_name":"Fineman","article_modified_time":"2025-11-26T11:45:16+00:00","og_image":[{"width":450,"height":300,"url":"https:\/\/finemancorp.com\/wp-content\/uploads\/2024\/06\/tube-puller.png","type":"image\/png"}],"twitter_card":"summary_large_image","twitter_misc":{"Tahmini okuma s\u00fcresi":"1 dakika"},"schema":{"@context":"https:\/\/schema.org","@graph":[{"@type":"WebPage","@id":"https:\/\/finemancorp.com\/tr\/urun\/automatic-tube-puller\/","url":"https:\/\/finemancorp.com\/tr\/urun\/automatic-tube-puller\/","name":"Automatic Tube Puller - Fineman","isPartOf":{"@id":"https:\/\/finemancorp.com\/tr\/#website"},"primaryImageOfPage":{"@id":"https:\/\/finemancorp.com\/tr\/urun\/automatic-tube-puller\/#primaryimage"},"image":{"@id":"https:\/\/finemancorp.com\/tr\/urun\/automatic-tube-puller\/#primaryimage"},"thumbnailUrl":"https:\/\/finemancorp.com\/wp-content\/uploads\/2024\/06\/tube-puller.png","datePublished":"2024-06-01T08:32:47+00:00","dateModified":"2025-11-26T11:45:16+00:00","description":"Automatic tube pullerler, borular\u0131 \u0131s\u0131 e\u015fanj\u00f6rlerinden, kazanlardan veya kondansat\u00f6rlerden \u00e7\u0131karmak i\u00e7in kullan\u0131lan \u00f6zel cihazlard\u0131r.","breadcrumb":{"@id":"https:\/\/finemancorp.com\/tr\/urun\/automatic-tube-puller\/#breadcrumb"},"inLanguage":"tr","potentialAction":[{"@type":"ReadAction","target":["https:\/\/finemancorp.com\/tr\/urun\/automatic-tube-puller\/"]}]},{"@type":"ImageObject","inLanguage":"tr","@id":"https:\/\/finemancorp.com\/tr\/urun\/automatic-tube-puller\/#primaryimage","url":"https:\/\/finemancorp.com\/wp-content\/uploads\/2024\/06\/tube-puller.png","contentUrl":"https:\/\/finemancorp.com\/wp-content\/uploads\/2024\/06\/tube-puller.png","width":450,"height":300,"caption":"Automatic Tube Puller"},{"@type":"BreadcrumbList","@id":"https:\/\/finemancorp.com\/tr\/urun\/automatic-tube-puller\/#breadcrumb","itemListElement":[{"@type":"ListItem","position":1,"name":"Home","item":"https:\/\/finemancorp.com\/tr\/"},{"@type":"ListItem","position":2,"name":"Product","item":"https:\/\/finemancorp.com\/product\/"},{"@type":"ListItem","position":3,"name":"Automatic Tube Puller"}]},{"@type":"WebSite","@id":"https:\/\/finemancorp.com\/tr\/#website","url":"https:\/\/finemancorp.com\/tr\/","name":"Fineman","description":"Fineman company is Designer and manufacturer of all kinds of hydraulic and pneumatic parts and equipments","potentialAction":[{"@type":"SearchAction","target":{"@type":"EntryPoint","urlTemplate":"https:\/\/finemancorp.com\/tr\/?s={search_term_string}"},"query-input":{"@type":"PropertyValueSpecification","valueRequired":true,"valueName":"search_term_string"}}],"inLanguage":"tr"}]}},"_links":{"self":[{"href":"https:\/\/finemancorp.com\/tr\/wp-json\/wp\/v2\/product\/2502","targetHints":{"allow":["GET"]}}],"collection":[{"href":"https:\/\/finemancorp.com\/tr\/wp-json\/wp\/v2\/product"}],"about":[{"href":"https:\/\/finemancorp.com\/tr\/wp-json\/wp\/v2\/types\/product"}],"replies":[{"embeddable":true,"href":"https:\/\/finemancorp.com\/tr\/wp-json\/wp\/v2\/comments?post=2502"}],"wp:featuredmedia":[{"embeddable":true,"href":"https:\/\/finemancorp.com\/tr\/wp-json\/wp\/v2\/media\/2573"}],"wp:attachment":[{"href":"https:\/\/finemancorp.com\/tr\/wp-json\/wp\/v2\/media?parent=2502"}],"wp:term":[{"taxonomy":"product_brand","embeddable":true,"href":"https:\/\/finemancorp.com\/tr\/wp-json\/wp\/v2\/product_brand?post=2502"},{"taxonomy":"product_cat","embeddable":true,"href":"https:\/\/finemancorp.com\/tr\/wp-json\/wp\/v2\/product_cat?post=2502"},{"taxonomy":"product_tag","embeddable":true,"href":"https:\/\/finemancorp.com\/tr\/wp-json\/wp\/v2\/product_tag?post=2502"}],"curies":[{"name":"wp","href":"https:\/\/api.w.org\/{rel}","templated":true}]}}