{"id":2643,"date":"2024-12-21T11:45:31","date_gmt":"2024-12-21T08:45:31","guid":{"rendered":"https:\/\/finemancorp.com\/?post_type=product&#038;p=2643"},"modified":"2025-11-26T14:16:55","modified_gmt":"2025-11-26T11:16:55","slug":"lobe-pump","status":"publish","type":"product","link":"https:\/\/finemancorp.com\/tr\/urun\/lobe-pump\/","title":{"rendered":"lobe pump"},"content":{"rendered":"<p><strong>LOB POMPA<\/strong><br \/>\nLob pompa, \u00e7e\u015fitli end\u00fcstrilerde \u00f6zellikle yo\u011fun, viskoz veya kesme kuvvetlerine duyarl\u0131 s\u0131v\u0131lar\u0131 transfer etmek i\u00e7in yayg\u0131n olarak kullan\u0131lan bir t\u00fcr pozitif deplasmanl\u0131 pompad\u0131r. Bir g\u00f6vde i\u00e7inde z\u0131t y\u00f6nlerde d\u00f6nen iki veya daha fazla rotor (lob) kullanarak \u00e7al\u0131\u015f\u0131r ve s\u0131v\u0131y\u0131 hapseden ve pompa i\u00e7inde hareket ettiren bir dizi bo\u015fluk olu\u015fturur.<\/p>\n<p>&nbsp;<\/p>\n<p><strong>Temel \u00d6zellikler:<\/strong><\/p>\n<p><strong>Pozitif Deplasman:<\/strong> Pompa, her d\u00f6n\u00fc\u015fte sabit miktarda s\u0131v\u0131 ta\u015f\u0131r, bu da onu hassas ak\u0131\u015f kontrol\u00fc gerektiren uygulamalar i\u00e7in ideal hale getirir.<\/p>\n<p><strong>S\u0131v\u0131lar\u0131n Nazik Ta\u015f\u0131nmas\u0131:<\/strong> Lob pompalar genellikle kesme gerilimine dayanamayan \u00fcr\u00fcnler (\u00f6rne\u011fin g\u0131da, ila\u00e7 veya hassas kimyasallar) i\u00e7in kullan\u0131l\u0131r.<\/p>\n<p><strong>Kendinden Emi\u015fli:<\/strong> \u00c7o\u011fu lob pompas\u0131, s\u0131v\u0131 ile tamamen dolmadan \u00e7al\u0131\u015fabilir; bu da emi\u015fin zor oldu\u011fu veya s\u0131v\u0131 seviyelerinin dalgaland\u0131\u011f\u0131 uygulamalar i\u00e7in kullan\u0131\u015fl\u0131d\u0131r.<\/p>\n<p><strong>\u00c7ok Y\u00f6nl\u00fcl\u00fck:<\/strong> \u0130nce s\u0131v\u0131lardan yo\u011fun bulama\u00e7lara ve hatta a\u015f\u0131nd\u0131r\u0131c\u0131 veya viskoz \u00fcr\u00fcnlere kadar \u00e7ok \u00e7e\u015fitli s\u0131v\u0131lar\u0131 i\u015fleyebilir.<\/p>\n<p>&nbsp;<\/p>\n<p><strong>Lob Pompalar\u0131n\u0131n Uygulamalar\u0131<\/strong><br \/>\nLob pompalar a\u015fa\u011f\u0131daki gibi end\u00fcstrilerde yayg\u0131n olarak kullan\u0131lmaktad\u0131r:<\/p>\n<p><strong>Yiyecek ve \u0130\u00e7ecek:<\/strong> Sos, \u015furup, s\u00fct \u00fcr\u00fcnleri ve di\u011fer kaymaya duyarl\u0131 malzemelerin transferi i\u00e7in.<\/p>\n<p><strong>\u0130la\u00e7lar:<\/strong> Steril ve hassas s\u0131v\u0131 transferi gerektiren proseslerde.<\/p>\n<p><strong>Kimyasallar:<\/strong> A\u015f\u0131nd\u0131r\u0131c\u0131, viskoz veya a\u015f\u0131nd\u0131r\u0131c\u0131 maddelerin ta\u015f\u0131nmas\u0131 i\u00e7in.<\/p>\n<p><strong>Kozmetikler:<\/strong> Krem, losyon ve di\u011fer y\u00fcksek viskoziteli \u00fcr\u00fcnlerin \u00fcretiminde.<\/p>\n<p>&nbsp;<\/p>\n<p><strong>Neden Lob Pompas\u0131 Se\u00e7melisiniz?<\/strong><br \/>\n\u00c7ok y\u00f6nl\u00fcl\u00fck, g\u00fcvenilirlik ve hassas s\u0131v\u0131 transferi, lob pompalar\u0131n\u0131 bir\u00e7ok end\u00fcstriyel uygulama i\u00e7in de\u011ferli bir \u00e7\u00f6z\u00fcm haline getirir. Hassas ve tutarl\u0131 performans sunarken \u00fcr\u00fcn b\u00fct\u00fcnl\u00fc\u011f\u00fcn\u00fc koruma yetenekleri, y\u00fcksek kaliteli s\u0131v\u0131 transfer sistemleri gerektiren end\u00fcstriler i\u00e7in en iyi se\u00e7enek olmalar\u0131n\u0131 sa\u011flar.<\/p>\n<p>\u00d6zetle, bir lob pompas\u0131 sadece bir s\u0131v\u0131 transfer cihaz\u0131ndan daha fazlas\u0131d\u0131r; modern end\u00fcstrilerin zorlu ihtiya\u00e7lar\u0131n\u0131 kar\u015f\u0131lamak i\u00e7in tasarlanm\u0131\u015f \u00e7ok y\u00f6nl\u00fc, verimli ve g\u00fcvenilir bir ara\u00e7t\u0131r. Hassas g\u0131da \u00fcr\u00fcnlerini i\u015flemeniz veya y\u00fcksek viskoziteli kimyasallar\u0131 ta\u015f\u0131man\u0131z gereksin, bir lob pompas\u0131 malzemelerinizin b\u00fct\u00fcnl\u00fc\u011f\u00fcn\u00fc korurken ola\u011fan\u00fcst\u00fc bir performans sunabilir.<\/p>\n","protected":false},"excerpt":{"rendered":"<p>Lob pompa, \u00f6zellikle kal\u0131n, viskoz veya kesme kuvvetlerine duyarl\u0131 ak\u0131\u015fkanlar\u0131 aktarmak &#8230; <\/p>\n","protected":false},"featured_media":2665,"comment_status":"open","ping_status":"closed","template":"","meta":[],"product_brand":[],"product_cat":[119],"product_tag":[],"class_list":{"0":"post-2643","1":"product","2":"type-product","3":"status-publish","4":"has-post-thumbnail","6":"product_cat-hidrolik-ekipman","8":"first","9":"instock","10":"shipping-taxable","11":"product-type-simple"},"yoast_head":"<!-- This site is optimized with the Yoast SEO Premium plugin v21.7 (Yoast SEO v27.0) - https:\/\/yoast.com\/product\/yoast-seo-premium-wordpress\/ -->\n<title>HYDRAULIC lobe pump - Fineman - Hidrolik pompa 700 bar<\/title>\n<meta name=\"description\" content=\"700 bar&#039;da \u00e7al\u0131\u015fan pompalar ( Hidrolik pompa 700 bar ) y\u00fcksek bas\u0131n\u00e7l\u0131 pompalar olarak kabul edilir. \u00c7ok fazla g\u00fc\u00e7 gerektiren uygulamalarda kullan\u0131l\u0131rlar.\" \/>\n<meta name=\"robots\" content=\"index, follow, max-snippet:-1, max-image-preview:large, max-video-preview:-1\" \/>\n<link rel=\"canonical\" href=\"https:\/\/finemancorp.com\/tr\/urun\/lobe-pump\/\" \/>\n<meta property=\"og:locale\" content=\"tr_TR\" \/>\n<meta property=\"og:type\" content=\"article\" \/>\n<meta property=\"og:title\" content=\"lobe pump\" \/>\n<meta property=\"og:description\" content=\"700 bar&#039;da \u00e7al\u0131\u015fan pompalar ( Hidrolik pompa 700 bar ) y\u00fcksek bas\u0131n\u00e7l\u0131 pompalar olarak kabul edilir. \u00c7ok fazla g\u00fc\u00e7 gerektiren uygulamalarda kullan\u0131l\u0131rlar.\" \/>\n<meta property=\"og:url\" content=\"https:\/\/finemancorp.com\/tr\/urun\/lobe-pump\/\" \/>\n<meta property=\"og:site_name\" content=\"Fineman\" \/>\n<meta property=\"article:modified_time\" content=\"2025-11-26T11:16:55+00:00\" \/>\n<meta property=\"og:image\" content=\"https:\/\/finemancorp.com\/wp-content\/uploads\/2024\/12\/lobepump-fm-web.png\" \/>\n\t<meta property=\"og:image:width\" content=\"3508\" \/>\n\t<meta property=\"og:image:height\" content=\"2480\" \/>\n\t<meta property=\"og:image:type\" content=\"image\/png\" \/>\n<meta name=\"twitter:card\" content=\"summary_large_image\" \/>\n<meta name=\"twitter:label1\" content=\"Tahmini okuma s\u00fcresi\" \/>\n\t<meta name=\"twitter:data1\" content=\"2 dakika\" \/>\n<script type=\"application\/ld+json\" class=\"yoast-schema-graph\">{\"@context\":\"https:\/\/schema.org\",\"@graph\":[{\"@type\":\"WebPage\",\"@id\":\"https:\/\/finemancorp.com\/tr\/urun\/lobe-pump\/\",\"url\":\"https:\/\/finemancorp.com\/tr\/urun\/lobe-pump\/\",\"name\":\"HYDRAULIC lobe pump - Fineman - Hidrolik pompa 700 bar\",\"isPartOf\":{\"@id\":\"https:\/\/finemancorp.com\/tr\/#website\"},\"primaryImageOfPage\":{\"@id\":\"https:\/\/finemancorp.com\/tr\/urun\/lobe-pump\/#primaryimage\"},\"image\":{\"@id\":\"https:\/\/finemancorp.com\/tr\/urun\/lobe-pump\/#primaryimage\"},\"thumbnailUrl\":\"https:\/\/finemancorp.com\/wp-content\/uploads\/2024\/12\/lobepump-fm-web.png\",\"datePublished\":\"2024-12-21T08:45:31+00:00\",\"dateModified\":\"2025-11-26T11:16:55+00:00\",\"description\":\"700 bar'da \u00e7al\u0131\u015fan pompalar ( Hidrolik pompa 700 bar ) y\u00fcksek bas\u0131n\u00e7l\u0131 pompalar olarak kabul edilir. \u00c7ok fazla g\u00fc\u00e7 gerektiren uygulamalarda kullan\u0131l\u0131rlar.\",\"breadcrumb\":{\"@id\":\"https:\/\/finemancorp.com\/tr\/urun\/lobe-pump\/#breadcrumb\"},\"inLanguage\":\"tr\",\"potentialAction\":[{\"@type\":\"ReadAction\",\"target\":[\"https:\/\/finemancorp.com\/tr\/urun\/lobe-pump\/\"]}]},{\"@type\":\"ImageObject\",\"inLanguage\":\"tr\",\"@id\":\"https:\/\/finemancorp.com\/tr\/urun\/lobe-pump\/#primaryimage\",\"url\":\"https:\/\/finemancorp.com\/wp-content\/uploads\/2024\/12\/lobepump-fm-web.png\",\"contentUrl\":\"https:\/\/finemancorp.com\/wp-content\/uploads\/2024\/12\/lobepump-fm-web.png\",\"width\":3508,\"height\":2480,\"caption\":\"lobe pump\"},{\"@type\":\"BreadcrumbList\",\"@id\":\"https:\/\/finemancorp.com\/tr\/urun\/lobe-pump\/#breadcrumb\",\"itemListElement\":[{\"@type\":\"ListItem\",\"position\":1,\"name\":\"Home\",\"item\":\"https:\/\/finemancorp.com\/tr\/\"},{\"@type\":\"ListItem\",\"position\":2,\"name\":\"Product\",\"item\":\"https:\/\/finemancorp.com\/product\/\"},{\"@type\":\"ListItem\",\"position\":3,\"name\":\"lobe pump\"}]},{\"@type\":\"WebSite\",\"@id\":\"https:\/\/finemancorp.com\/tr\/#website\",\"url\":\"https:\/\/finemancorp.com\/tr\/\",\"name\":\"Fineman\",\"description\":\"Fineman company is Designer and manufacturer of all kinds of hydraulic and pneumatic parts and equipments\",\"potentialAction\":[{\"@type\":\"SearchAction\",\"target\":{\"@type\":\"EntryPoint\",\"urlTemplate\":\"https:\/\/finemancorp.com\/tr\/?s={search_term_string}\"},\"query-input\":{\"@type\":\"PropertyValueSpecification\",\"valueRequired\":true,\"valueName\":\"search_term_string\"}}],\"inLanguage\":\"tr\"}]}<\/script>\n<!-- \/ Yoast SEO Premium plugin. -->","yoast_head_json":{"title":"HYDRAULIC lobe pump - Fineman - Hidrolik pompa 700 bar","description":"700 bar'da \u00e7al\u0131\u015fan pompalar ( Hidrolik pompa 700 bar ) y\u00fcksek bas\u0131n\u00e7l\u0131 pompalar olarak kabul edilir. \u00c7ok fazla g\u00fc\u00e7 gerektiren uygulamalarda kullan\u0131l\u0131rlar.","robots":{"index":"index","follow":"follow","max-snippet":"max-snippet:-1","max-image-preview":"max-image-preview:large","max-video-preview":"max-video-preview:-1"},"canonical":"https:\/\/finemancorp.com\/tr\/urun\/lobe-pump\/","og_locale":"tr_TR","og_type":"article","og_title":"lobe pump","og_description":"700 bar'da \u00e7al\u0131\u015fan pompalar ( Hidrolik pompa 700 bar ) y\u00fcksek bas\u0131n\u00e7l\u0131 pompalar olarak kabul edilir. \u00c7ok fazla g\u00fc\u00e7 gerektiren uygulamalarda kullan\u0131l\u0131rlar.","og_url":"https:\/\/finemancorp.com\/tr\/urun\/lobe-pump\/","og_site_name":"Fineman","article_modified_time":"2025-11-26T11:16:55+00:00","og_image":[{"width":3508,"height":2480,"url":"https:\/\/finemancorp.com\/wp-content\/uploads\/2024\/12\/lobepump-fm-web.png","type":"image\/png"}],"twitter_card":"summary_large_image","twitter_misc":{"Tahmini okuma s\u00fcresi":"2 dakika"},"schema":{"@context":"https:\/\/schema.org","@graph":[{"@type":"WebPage","@id":"https:\/\/finemancorp.com\/tr\/urun\/lobe-pump\/","url":"https:\/\/finemancorp.com\/tr\/urun\/lobe-pump\/","name":"HYDRAULIC lobe pump - Fineman - Hidrolik pompa 700 bar","isPartOf":{"@id":"https:\/\/finemancorp.com\/tr\/#website"},"primaryImageOfPage":{"@id":"https:\/\/finemancorp.com\/tr\/urun\/lobe-pump\/#primaryimage"},"image":{"@id":"https:\/\/finemancorp.com\/tr\/urun\/lobe-pump\/#primaryimage"},"thumbnailUrl":"https:\/\/finemancorp.com\/wp-content\/uploads\/2024\/12\/lobepump-fm-web.png","datePublished":"2024-12-21T08:45:31+00:00","dateModified":"2025-11-26T11:16:55+00:00","description":"700 bar'da \u00e7al\u0131\u015fan pompalar ( Hidrolik pompa 700 bar ) y\u00fcksek bas\u0131n\u00e7l\u0131 pompalar olarak kabul edilir. \u00c7ok fazla g\u00fc\u00e7 gerektiren uygulamalarda kullan\u0131l\u0131rlar.","breadcrumb":{"@id":"https:\/\/finemancorp.com\/tr\/urun\/lobe-pump\/#breadcrumb"},"inLanguage":"tr","potentialAction":[{"@type":"ReadAction","target":["https:\/\/finemancorp.com\/tr\/urun\/lobe-pump\/"]}]},{"@type":"ImageObject","inLanguage":"tr","@id":"https:\/\/finemancorp.com\/tr\/urun\/lobe-pump\/#primaryimage","url":"https:\/\/finemancorp.com\/wp-content\/uploads\/2024\/12\/lobepump-fm-web.png","contentUrl":"https:\/\/finemancorp.com\/wp-content\/uploads\/2024\/12\/lobepump-fm-web.png","width":3508,"height":2480,"caption":"lobe pump"},{"@type":"BreadcrumbList","@id":"https:\/\/finemancorp.com\/tr\/urun\/lobe-pump\/#breadcrumb","itemListElement":[{"@type":"ListItem","position":1,"name":"Home","item":"https:\/\/finemancorp.com\/tr\/"},{"@type":"ListItem","position":2,"name":"Product","item":"https:\/\/finemancorp.com\/product\/"},{"@type":"ListItem","position":3,"name":"lobe pump"}]},{"@type":"WebSite","@id":"https:\/\/finemancorp.com\/tr\/#website","url":"https:\/\/finemancorp.com\/tr\/","name":"Fineman","description":"Fineman company is Designer and manufacturer of all kinds of hydraulic and pneumatic parts and equipments","potentialAction":[{"@type":"SearchAction","target":{"@type":"EntryPoint","urlTemplate":"https:\/\/finemancorp.com\/tr\/?s={search_term_string}"},"query-input":{"@type":"PropertyValueSpecification","valueRequired":true,"valueName":"search_term_string"}}],"inLanguage":"tr"}]}},"_links":{"self":[{"href":"https:\/\/finemancorp.com\/tr\/wp-json\/wp\/v2\/product\/2643","targetHints":{"allow":["GET"]}}],"collection":[{"href":"https:\/\/finemancorp.com\/tr\/wp-json\/wp\/v2\/product"}],"about":[{"href":"https:\/\/finemancorp.com\/tr\/wp-json\/wp\/v2\/types\/product"}],"replies":[{"embeddable":true,"href":"https:\/\/finemancorp.com\/tr\/wp-json\/wp\/v2\/comments?post=2643"}],"wp:featuredmedia":[{"embeddable":true,"href":"https:\/\/finemancorp.com\/tr\/wp-json\/wp\/v2\/media\/2665"}],"wp:attachment":[{"href":"https:\/\/finemancorp.com\/tr\/wp-json\/wp\/v2\/media?parent=2643"}],"wp:term":[{"taxonomy":"product_brand","embeddable":true,"href":"https:\/\/finemancorp.com\/tr\/wp-json\/wp\/v2\/product_brand?post=2643"},{"taxonomy":"product_cat","embeddable":true,"href":"https:\/\/finemancorp.com\/tr\/wp-json\/wp\/v2\/product_cat?post=2643"},{"taxonomy":"product_tag","embeddable":true,"href":"https:\/\/finemancorp.com\/tr\/wp-json\/wp\/v2\/product_tag?post=2643"}],"curies":[{"name":"wp","href":"https:\/\/api.w.org\/{rel}","templated":true}]}}